{"id":334,"date":"2024-04-11T16:32:58","date_gmt":"2024-04-11T14:32:58","guid":{"rendered":"https:\/\/flaks.no\/?post_type=product&#038;p=334"},"modified":"2026-01-10T11:43:05","modified_gmt":"2026-01-10T10:43:05","slug":"kamskjell-renset","status":"publish","type":"product","link":"https:\/\/sjomatgrossisten.no\/pri\/produkt\/kamskjell-renset\/","title":{"rendered":"STORE KAMSKJELL RENSET"},"content":{"rendered":"","protected":false},"excerpt":{"rendered":"<p>ferdig renset store kamskjell. st\u00f8rrelse 10\/20. singelfryst og enkelt \u00e5 tilberede.<\/p>\n","protected":false},"featured_media":944,"comment_status":"open","ping_status":"closed","template":"","meta":{"_acf_changed":false},"product_brand":[],"product_cat":[20],"product_tag":[],"class_list":{"0":"post-334","1":"product","2":"type-product","3":"status-publish","4":"has-post-thumbnail","6":"product_cat-skalldyr","8":"first","9":"instock","10":"taxable","11":"shipping-taxable","12":"purchasable","13":"product-type-simple"},"acf":[],"yoast_head":"<!-- This site is optimized with the Yoast SEO plugin v27.5 - https:\/\/yoast.com\/product\/yoast-seo-wordpress\/ -->\n<title>STORE KAMSKJELL RENSET - Sj\u00f8matgrossisten AS<\/title>\n<meta name=\"description\" content=\"ferdig renset Kamskjell nesten klar til bruk, tin f\u00f8rst og stek kort i 1 min p\u00e5 hver side.\" \/>\n<meta name=\"robots\" content=\"index, follow, max-snippet:-1, max-image-preview:large, max-video-preview:-1\" \/>\n<link rel=\"canonical\" href=\"https:\/\/sjomatgrossisten.no\/pri\/produkt\/kamskjell-renset\/\" \/>\n<meta property=\"og:locale\" content=\"nb_NO\" \/>\n<meta property=\"og:type\" content=\"article\" \/>\n<meta property=\"og:title\" content=\"STORE KAMSKJELL RENSET - Sj\u00f8matgrossisten AS\" \/>\n<meta property=\"og:description\" content=\"ferdig renset Kamskjell nesten klar til bruk, tin f\u00f8rst og stek kort i 1 min p\u00e5 hver side.\" \/>\n<meta property=\"og:url\" content=\"https:\/\/sjomatgrossisten.no\/pri\/produkt\/kamskjell-renset\/\" \/>\n<meta property=\"og:site_name\" content=\"Sj\u00f8matgrossisten AS\" \/>\n<meta property=\"article:modified_time\" content=\"2026-01-10T10:43:05+00:00\" \/>\n<meta property=\"og:image\" content=\"https:\/\/sjomatgrossisten.no\/pri\/wp-content\/uploads\/2024\/04\/kamskjell-scaled.webp\" \/>\n\t<meta property=\"og:image:width\" content=\"2560\" \/>\n\t<meta property=\"og:image:height\" content=\"2105\" \/>\n\t<meta property=\"og:image:type\" content=\"image\/jpeg\" \/>\n<meta name=\"twitter:card\" content=\"summary_large_image\" \/>\n<meta name=\"twitter:label1\" content=\"Ansl. lesetid\" \/>\n\t<meta name=\"twitter:data1\" content=\"1 minutt\" \/>\n<script type=\"application\/ld+json\" class=\"yoast-schema-graph\">{\"@context\":\"https:\\\/\\\/schema.org\",\"@graph\":[{\"@type\":\"WebPage\",\"@id\":\"https:\\\/\\\/sjomatgrossisten.no\\\/pri\\\/produkt\\\/kamskjell-renset\\\/\",\"url\":\"https:\\\/\\\/sjomatgrossisten.no\\\/pri\\\/produkt\\\/kamskjell-renset\\\/\",\"name\":\"STORE KAMSKJELL RENSET - Sj\u00f8matgrossisten AS\",\"isPartOf\":{\"@id\":\"https:\\\/\\\/sjomatgrossisten.no\\\/pri\\\/#website\"},\"primaryImageOfPage\":{\"@id\":\"https:\\\/\\\/sjomatgrossisten.no\\\/pri\\\/produkt\\\/kamskjell-renset\\\/#primaryimage\"},\"image\":{\"@id\":\"https:\\\/\\\/sjomatgrossisten.no\\\/pri\\\/produkt\\\/kamskjell-renset\\\/#primaryimage\"},\"thumbnailUrl\":\"https:\\\/\\\/sjomatgrossisten.no\\\/pri\\\/wp-content\\\/uploads\\\/2024\\\/04\\\/kamskjell-scaled.webp\",\"datePublished\":\"2024-04-11T14:32:58+00:00\",\"dateModified\":\"2026-01-10T10:43:05+00:00\",\"description\":\"ferdig renset Kamskjell nesten klar til bruk, tin f\u00f8rst og stek kort i 1 min p\u00e5 hver side.\",\"breadcrumb\":{\"@id\":\"https:\\\/\\\/sjomatgrossisten.no\\\/pri\\\/produkt\\\/kamskjell-renset\\\/#breadcrumb\"},\"inLanguage\":\"nb-NO\",\"potentialAction\":[{\"@type\":\"ReadAction\",\"target\":[\"https:\\\/\\\/sjomatgrossisten.no\\\/pri\\\/produkt\\\/kamskjell-renset\\\/\"]}]},{\"@type\":\"ImageObject\",\"inLanguage\":\"nb-NO\",\"@id\":\"https:\\\/\\\/sjomatgrossisten.no\\\/pri\\\/produkt\\\/kamskjell-renset\\\/#primaryimage\",\"url\":\"https:\\\/\\\/sjomatgrossisten.no\\\/pri\\\/wp-content\\\/uploads\\\/2024\\\/04\\\/kamskjell-scaled.webp\",\"contentUrl\":\"https:\\\/\\\/sjomatgrossisten.no\\\/pri\\\/wp-content\\\/uploads\\\/2024\\\/04\\\/kamskjell-scaled.webp\",\"width\":2560,\"height\":2105},{\"@type\":\"BreadcrumbList\",\"@id\":\"https:\\\/\\\/sjomatgrossisten.no\\\/pri\\\/produkt\\\/kamskjell-renset\\\/#breadcrumb\",\"itemListElement\":[{\"@type\":\"ListItem\",\"position\":1,\"name\":\"Hjem\",\"item\":\"https:\\\/\\\/sjomatgrossisten.no\\\/pri\\\/\"},{\"@type\":\"ListItem\",\"position\":2,\"name\":\"Butikk\",\"item\":\"https:\\\/\\\/sjomatgrossisten.no\\\/pri\\\/butikk\\\/\"},{\"@type\":\"ListItem\",\"position\":3,\"name\":\"STORE KAMSKJELL RENSET\"}]},{\"@type\":\"WebSite\",\"@id\":\"https:\\\/\\\/sjomatgrossisten.no\\\/pri\\\/#website\",\"url\":\"https:\\\/\\\/sjomatgrossisten.no\\\/pri\\\/\",\"name\":\"Sj\u00f8matgrossisten AS\",\"description\":\"Fisk og sj\u00f8mat grossist\",\"potentialAction\":[{\"@type\":\"SearchAction\",\"target\":{\"@type\":\"EntryPoint\",\"urlTemplate\":\"https:\\\/\\\/sjomatgrossisten.no\\\/pri\\\/?s={search_term_string}\"},\"query-input\":{\"@type\":\"PropertyValueSpecification\",\"valueRequired\":true,\"valueName\":\"search_term_string\"}}],\"inLanguage\":\"nb-NO\"}]}<\/script>\n<!-- \/ Yoast SEO plugin. -->","yoast_head_json":{"title":"STORE KAMSKJELL RENSET - Sj\u00f8matgrossisten AS","description":"ferdig renset Kamskjell nesten klar til bruk, tin f\u00f8rst og stek kort i 1 min p\u00e5 hver side.","robots":{"index":"index","follow":"follow","max-snippet":"max-snippet:-1","max-image-preview":"max-image-preview:large","max-video-preview":"max-video-preview:-1"},"canonical":"https:\/\/sjomatgrossisten.no\/pri\/produkt\/kamskjell-renset\/","og_locale":"nb_NO","og_type":"article","og_title":"STORE KAMSKJELL RENSET - Sj\u00f8matgrossisten AS","og_description":"ferdig renset Kamskjell nesten klar til bruk, tin f\u00f8rst og stek kort i 1 min p\u00e5 hver side.","og_url":"https:\/\/sjomatgrossisten.no\/pri\/produkt\/kamskjell-renset\/","og_site_name":"Sj\u00f8matgrossisten AS","article_modified_time":"2026-01-10T10:43:05+00:00","og_image":[{"width":2560,"height":2105,"url":"https:\/\/sjomatgrossisten.no\/pri\/wp-content\/uploads\/2024\/04\/kamskjell-scaled.webp","type":"image\/jpeg"}],"twitter_card":"summary_large_image","twitter_misc":{"Ansl. lesetid":"1 minutt"},"schema":{"@context":"https:\/\/schema.org","@graph":[{"@type":"WebPage","@id":"https:\/\/sjomatgrossisten.no\/pri\/produkt\/kamskjell-renset\/","url":"https:\/\/sjomatgrossisten.no\/pri\/produkt\/kamskjell-renset\/","name":"STORE KAMSKJELL RENSET - Sj\u00f8matgrossisten AS","isPartOf":{"@id":"https:\/\/sjomatgrossisten.no\/pri\/#website"},"primaryImageOfPage":{"@id":"https:\/\/sjomatgrossisten.no\/pri\/produkt\/kamskjell-renset\/#primaryimage"},"image":{"@id":"https:\/\/sjomatgrossisten.no\/pri\/produkt\/kamskjell-renset\/#primaryimage"},"thumbnailUrl":"https:\/\/sjomatgrossisten.no\/pri\/wp-content\/uploads\/2024\/04\/kamskjell-scaled.webp","datePublished":"2024-04-11T14:32:58+00:00","dateModified":"2026-01-10T10:43:05+00:00","description":"ferdig renset Kamskjell nesten klar til bruk, tin f\u00f8rst og stek kort i 1 min p\u00e5 hver side.","breadcrumb":{"@id":"https:\/\/sjomatgrossisten.no\/pri\/produkt\/kamskjell-renset\/#breadcrumb"},"inLanguage":"nb-NO","potentialAction":[{"@type":"ReadAction","target":["https:\/\/sjomatgrossisten.no\/pri\/produkt\/kamskjell-renset\/"]}]},{"@type":"ImageObject","inLanguage":"nb-NO","@id":"https:\/\/sjomatgrossisten.no\/pri\/produkt\/kamskjell-renset\/#primaryimage","url":"https:\/\/sjomatgrossisten.no\/pri\/wp-content\/uploads\/2024\/04\/kamskjell-scaled.webp","contentUrl":"https:\/\/sjomatgrossisten.no\/pri\/wp-content\/uploads\/2024\/04\/kamskjell-scaled.webp","width":2560,"height":2105},{"@type":"BreadcrumbList","@id":"https:\/\/sjomatgrossisten.no\/pri\/produkt\/kamskjell-renset\/#breadcrumb","itemListElement":[{"@type":"ListItem","position":1,"name":"Hjem","item":"https:\/\/sjomatgrossisten.no\/pri\/"},{"@type":"ListItem","position":2,"name":"Butikk","item":"https:\/\/sjomatgrossisten.no\/pri\/butikk\/"},{"@type":"ListItem","position":3,"name":"STORE KAMSKJELL RENSET"}]},{"@type":"WebSite","@id":"https:\/\/sjomatgrossisten.no\/pri\/#website","url":"https:\/\/sjomatgrossisten.no\/pri\/","name":"Sj\u00f8matgrossisten AS","description":"Fisk og sj\u00f8mat grossist","potentialAction":[{"@type":"SearchAction","target":{"@type":"EntryPoint","urlTemplate":"https:\/\/sjomatgrossisten.no\/pri\/?s={search_term_string}"},"query-input":{"@type":"PropertyValueSpecification","valueRequired":true,"valueName":"search_term_string"}}],"inLanguage":"nb-NO"}]}},"_links":{"self":[{"href":"https:\/\/sjomatgrossisten.no\/pri\/wp-json\/wp\/v2\/product\/334","targetHints":{"allow":["GET"]}}],"collection":[{"href":"https:\/\/sjomatgrossisten.no\/pri\/wp-json\/wp\/v2\/product"}],"about":[{"href":"https:\/\/sjomatgrossisten.no\/pri\/wp-json\/wp\/v2\/types\/product"}],"replies":[{"embeddable":true,"href":"https:\/\/sjomatgrossisten.no\/pri\/wp-json\/wp\/v2\/comments?post=334"}],"wp:featuredmedia":[{"embeddable":true,"href":"https:\/\/sjomatgrossisten.no\/pri\/wp-json\/wp\/v2\/media\/944"}],"wp:attachment":[{"href":"https:\/\/sjomatgrossisten.no\/pri\/wp-json\/wp\/v2\/media?parent=334"}],"wp:term":[{"taxonomy":"product_brand","embeddable":true,"href":"https:\/\/sjomatgrossisten.no\/pri\/wp-json\/wp\/v2\/product_brand?post=334"},{"taxonomy":"product_cat","embeddable":true,"href":"https:\/\/sjomatgrossisten.no\/pri\/wp-json\/wp\/v2\/product_cat?post=334"},{"taxonomy":"product_tag","embeddable":true,"href":"https:\/\/sjomatgrossisten.no\/pri\/wp-json\/wp\/v2\/product_tag?post=334"}],"curies":[{"name":"wp","href":"https:\/\/api.w.org\/{rel}","templated":true}]}}