{"id":331,"date":"2024-04-11T16:32:57","date_gmt":"2024-04-11T14:32:57","guid":{"rendered":"https:\/\/flaks.no\/?post_type=product&#038;p=331"},"modified":"2026-01-28T12:28:17","modified_gmt":"2026-01-28T11:28:17","slug":"sjokreps-4-8","status":"publish","type":"product","link":"https:\/\/sjomatgrossisten.no\/pri\/produkt\/sjokreps-4-8\/","title":{"rendered":"STORE SJ\u00d8KREPS R\u00c5"},"content":{"rendered":"<p style=\"text-align: right;\">Ordin\u00e6r pris 655 pr stk<\/p>\n","protected":false},"excerpt":{"rendered":"<p><strong>Store r\u00e5 sj\u00f8kreps<\/strong> fra atlanterhavet, m\u00e5 tilbredes f\u00f8r bruk. st\u00f8rrelse 4-8 per kg \/ ca 8 i pakka. skylles lenge i kaldt vann f\u00f8rst, tines p\u00e5 kj\u00f8kkenbenken. stekes 5-6 min i forvarmet ovn<\/p>\n","protected":false},"featured_media":970,"comment_status":"open","ping_status":"closed","template":"","meta":{"_acf_changed":false},"product_brand":[],"product_cat":[20],"product_tag":[],"class_list":{"0":"post-331","1":"product","2":"type-product","3":"status-publish","4":"has-post-thumbnail","6":"product_cat-skalldyr","8":"first","9":"instock","10":"featured","11":"taxable","12":"shipping-taxable","13":"purchasable","14":"product-type-simple"},"acf":[],"yoast_head":"<!-- This site is optimized with the Yoast SEO plugin v27.4 - https:\/\/yoast.com\/product\/yoast-seo-wordpress\/ -->\n<title>STORE SJ\u00d8KREPS R\u00c5 - Sj\u00f8matgrossisten AS<\/title>\n<meta name=\"description\" content=\"Store Sj\u00f8kreps med hode og skall, r\u00e5. tines f\u00f8r tilberedning. st\u00f8rrelse 4-8 stykk per kg. del p\u00e5 langs med en skarp kniv, stekes i ovn bare i 5min\" \/>\n<meta name=\"robots\" content=\"index, follow, max-snippet:-1, max-image-preview:large, max-video-preview:-1\" \/>\n<link rel=\"canonical\" href=\"https:\/\/sjomatgrossisten.no\/pri\/produkt\/sjokreps-4-8\/\" \/>\n<meta property=\"og:locale\" content=\"nb_NO\" \/>\n<meta property=\"og:type\" content=\"article\" \/>\n<meta property=\"og:title\" content=\"STORE SJ\u00d8KREPS R\u00c5 - Sj\u00f8matgrossisten AS\" \/>\n<meta property=\"og:description\" content=\"Store Sj\u00f8kreps med hode og skall, r\u00e5. tines f\u00f8r tilberedning. st\u00f8rrelse 4-8 stykk per kg. del p\u00e5 langs med en skarp kniv, stekes i ovn bare i 5min\" \/>\n<meta property=\"og:url\" content=\"https:\/\/sjomatgrossisten.no\/pri\/produkt\/sjokreps-4-8\/\" \/>\n<meta property=\"og:site_name\" content=\"Sj\u00f8matgrossisten AS\" \/>\n<meta property=\"article:modified_time\" content=\"2026-01-28T11:28:17+00:00\" \/>\n<meta property=\"og:image\" content=\"https:\/\/sjomatgrossisten.no\/pri\/wp-content\/uploads\/2024\/04\/Sjokreps-2-scaled.webp\" \/>\n\t<meta property=\"og:image:width\" content=\"2560\" \/>\n\t<meta property=\"og:image:height\" content=\"2085\" \/>\n\t<meta property=\"og:image:type\" content=\"image\/jpeg\" \/>\n<meta name=\"twitter:card\" content=\"summary_large_image\" \/>\n<meta name=\"twitter:label1\" content=\"Ansl. lesetid\" \/>\n\t<meta name=\"twitter:data1\" content=\"1 minutt\" \/>\n<script type=\"application\/ld+json\" class=\"yoast-schema-graph\">{\"@context\":\"https:\\\/\\\/schema.org\",\"@graph\":[{\"@type\":\"WebPage\",\"@id\":\"https:\\\/\\\/sjomatgrossisten.no\\\/pri\\\/produkt\\\/sjokreps-4-8\\\/\",\"url\":\"https:\\\/\\\/sjomatgrossisten.no\\\/pri\\\/produkt\\\/sjokreps-4-8\\\/\",\"name\":\"STORE SJ\u00d8KREPS R\u00c5 - Sj\u00f8matgrossisten AS\",\"isPartOf\":{\"@id\":\"https:\\\/\\\/sjomatgrossisten.no\\\/pri\\\/#website\"},\"primaryImageOfPage\":{\"@id\":\"https:\\\/\\\/sjomatgrossisten.no\\\/pri\\\/produkt\\\/sjokreps-4-8\\\/#primaryimage\"},\"image\":{\"@id\":\"https:\\\/\\\/sjomatgrossisten.no\\\/pri\\\/produkt\\\/sjokreps-4-8\\\/#primaryimage\"},\"thumbnailUrl\":\"https:\\\/\\\/sjomatgrossisten.no\\\/pri\\\/wp-content\\\/uploads\\\/2024\\\/04\\\/Sjokreps-2-scaled.webp\",\"datePublished\":\"2024-04-11T14:32:57+00:00\",\"dateModified\":\"2026-01-28T11:28:17+00:00\",\"description\":\"Store Sj\u00f8kreps med hode og skall, r\u00e5. tines f\u00f8r tilberedning. st\u00f8rrelse 4-8 stykk per kg. del p\u00e5 langs med en skarp kniv, stekes i ovn bare i 5min\",\"breadcrumb\":{\"@id\":\"https:\\\/\\\/sjomatgrossisten.no\\\/pri\\\/produkt\\\/sjokreps-4-8\\\/#breadcrumb\"},\"inLanguage\":\"nb-NO\",\"potentialAction\":[{\"@type\":\"ReadAction\",\"target\":[\"https:\\\/\\\/sjomatgrossisten.no\\\/pri\\\/produkt\\\/sjokreps-4-8\\\/\"]}]},{\"@type\":\"ImageObject\",\"inLanguage\":\"nb-NO\",\"@id\":\"https:\\\/\\\/sjomatgrossisten.no\\\/pri\\\/produkt\\\/sjokreps-4-8\\\/#primaryimage\",\"url\":\"https:\\\/\\\/sjomatgrossisten.no\\\/pri\\\/wp-content\\\/uploads\\\/2024\\\/04\\\/Sjokreps-2-scaled.webp\",\"contentUrl\":\"https:\\\/\\\/sjomatgrossisten.no\\\/pri\\\/wp-content\\\/uploads\\\/2024\\\/04\\\/Sjokreps-2-scaled.webp\",\"width\":2560,\"height\":2085},{\"@type\":\"BreadcrumbList\",\"@id\":\"https:\\\/\\\/sjomatgrossisten.no\\\/pri\\\/produkt\\\/sjokreps-4-8\\\/#breadcrumb\",\"itemListElement\":[{\"@type\":\"ListItem\",\"position\":1,\"name\":\"Hjem\",\"item\":\"https:\\\/\\\/sjomatgrossisten.no\\\/pri\\\/\"},{\"@type\":\"ListItem\",\"position\":2,\"name\":\"Butikk\",\"item\":\"https:\\\/\\\/sjomatgrossisten.no\\\/pri\\\/butikk\\\/\"},{\"@type\":\"ListItem\",\"position\":3,\"name\":\"STORE SJ\u00d8KREPS R\u00c5\"}]},{\"@type\":\"WebSite\",\"@id\":\"https:\\\/\\\/sjomatgrossisten.no\\\/pri\\\/#website\",\"url\":\"https:\\\/\\\/sjomatgrossisten.no\\\/pri\\\/\",\"name\":\"Sj\u00f8matgrossisten AS\",\"description\":\"Fisk og sj\u00f8mat grossist\",\"potentialAction\":[{\"@type\":\"SearchAction\",\"target\":{\"@type\":\"EntryPoint\",\"urlTemplate\":\"https:\\\/\\\/sjomatgrossisten.no\\\/pri\\\/?s={search_term_string}\"},\"query-input\":{\"@type\":\"PropertyValueSpecification\",\"valueRequired\":true,\"valueName\":\"search_term_string\"}}],\"inLanguage\":\"nb-NO\"}]}<\/script>\n<!-- \/ Yoast SEO plugin. -->","yoast_head_json":{"title":"STORE SJ\u00d8KREPS R\u00c5 - Sj\u00f8matgrossisten AS","description":"Store Sj\u00f8kreps med hode og skall, r\u00e5. tines f\u00f8r tilberedning. st\u00f8rrelse 4-8 stykk per kg. del p\u00e5 langs med en skarp kniv, stekes i ovn bare i 5min","robots":{"index":"index","follow":"follow","max-snippet":"max-snippet:-1","max-image-preview":"max-image-preview:large","max-video-preview":"max-video-preview:-1"},"canonical":"https:\/\/sjomatgrossisten.no\/pri\/produkt\/sjokreps-4-8\/","og_locale":"nb_NO","og_type":"article","og_title":"STORE SJ\u00d8KREPS R\u00c5 - Sj\u00f8matgrossisten AS","og_description":"Store Sj\u00f8kreps med hode og skall, r\u00e5. tines f\u00f8r tilberedning. st\u00f8rrelse 4-8 stykk per kg. del p\u00e5 langs med en skarp kniv, stekes i ovn bare i 5min","og_url":"https:\/\/sjomatgrossisten.no\/pri\/produkt\/sjokreps-4-8\/","og_site_name":"Sj\u00f8matgrossisten AS","article_modified_time":"2026-01-28T11:28:17+00:00","og_image":[{"width":2560,"height":2085,"url":"https:\/\/sjomatgrossisten.no\/pri\/wp-content\/uploads\/2024\/04\/Sjokreps-2-scaled.webp","type":"image\/jpeg"}],"twitter_card":"summary_large_image","twitter_misc":{"Ansl. lesetid":"1 minutt"},"schema":{"@context":"https:\/\/schema.org","@graph":[{"@type":"WebPage","@id":"https:\/\/sjomatgrossisten.no\/pri\/produkt\/sjokreps-4-8\/","url":"https:\/\/sjomatgrossisten.no\/pri\/produkt\/sjokreps-4-8\/","name":"STORE SJ\u00d8KREPS R\u00c5 - Sj\u00f8matgrossisten AS","isPartOf":{"@id":"https:\/\/sjomatgrossisten.no\/pri\/#website"},"primaryImageOfPage":{"@id":"https:\/\/sjomatgrossisten.no\/pri\/produkt\/sjokreps-4-8\/#primaryimage"},"image":{"@id":"https:\/\/sjomatgrossisten.no\/pri\/produkt\/sjokreps-4-8\/#primaryimage"},"thumbnailUrl":"https:\/\/sjomatgrossisten.no\/pri\/wp-content\/uploads\/2024\/04\/Sjokreps-2-scaled.webp","datePublished":"2024-04-11T14:32:57+00:00","dateModified":"2026-01-28T11:28:17+00:00","description":"Store Sj\u00f8kreps med hode og skall, r\u00e5. tines f\u00f8r tilberedning. st\u00f8rrelse 4-8 stykk per kg. del p\u00e5 langs med en skarp kniv, stekes i ovn bare i 5min","breadcrumb":{"@id":"https:\/\/sjomatgrossisten.no\/pri\/produkt\/sjokreps-4-8\/#breadcrumb"},"inLanguage":"nb-NO","potentialAction":[{"@type":"ReadAction","target":["https:\/\/sjomatgrossisten.no\/pri\/produkt\/sjokreps-4-8\/"]}]},{"@type":"ImageObject","inLanguage":"nb-NO","@id":"https:\/\/sjomatgrossisten.no\/pri\/produkt\/sjokreps-4-8\/#primaryimage","url":"https:\/\/sjomatgrossisten.no\/pri\/wp-content\/uploads\/2024\/04\/Sjokreps-2-scaled.webp","contentUrl":"https:\/\/sjomatgrossisten.no\/pri\/wp-content\/uploads\/2024\/04\/Sjokreps-2-scaled.webp","width":2560,"height":2085},{"@type":"BreadcrumbList","@id":"https:\/\/sjomatgrossisten.no\/pri\/produkt\/sjokreps-4-8\/#breadcrumb","itemListElement":[{"@type":"ListItem","position":1,"name":"Hjem","item":"https:\/\/sjomatgrossisten.no\/pri\/"},{"@type":"ListItem","position":2,"name":"Butikk","item":"https:\/\/sjomatgrossisten.no\/pri\/butikk\/"},{"@type":"ListItem","position":3,"name":"STORE SJ\u00d8KREPS R\u00c5"}]},{"@type":"WebSite","@id":"https:\/\/sjomatgrossisten.no\/pri\/#website","url":"https:\/\/sjomatgrossisten.no\/pri\/","name":"Sj\u00f8matgrossisten AS","description":"Fisk og sj\u00f8mat grossist","potentialAction":[{"@type":"SearchAction","target":{"@type":"EntryPoint","urlTemplate":"https:\/\/sjomatgrossisten.no\/pri\/?s={search_term_string}"},"query-input":{"@type":"PropertyValueSpecification","valueRequired":true,"valueName":"search_term_string"}}],"inLanguage":"nb-NO"}]}},"_links":{"self":[{"href":"https:\/\/sjomatgrossisten.no\/pri\/wp-json\/wp\/v2\/product\/331","targetHints":{"allow":["GET"]}}],"collection":[{"href":"https:\/\/sjomatgrossisten.no\/pri\/wp-json\/wp\/v2\/product"}],"about":[{"href":"https:\/\/sjomatgrossisten.no\/pri\/wp-json\/wp\/v2\/types\/product"}],"replies":[{"embeddable":true,"href":"https:\/\/sjomatgrossisten.no\/pri\/wp-json\/wp\/v2\/comments?post=331"}],"wp:featuredmedia":[{"embeddable":true,"href":"https:\/\/sjomatgrossisten.no\/pri\/wp-json\/wp\/v2\/media\/970"}],"wp:attachment":[{"href":"https:\/\/sjomatgrossisten.no\/pri\/wp-json\/wp\/v2\/media?parent=331"}],"wp:term":[{"taxonomy":"product_brand","embeddable":true,"href":"https:\/\/sjomatgrossisten.no\/pri\/wp-json\/wp\/v2\/product_brand?post=331"},{"taxonomy":"product_cat","embeddable":true,"href":"https:\/\/sjomatgrossisten.no\/pri\/wp-json\/wp\/v2\/product_cat?post=331"},{"taxonomy":"product_tag","embeddable":true,"href":"https:\/\/sjomatgrossisten.no\/pri\/wp-json\/wp\/v2\/product_tag?post=331"}],"curies":[{"name":"wp","href":"https:\/\/api.w.org\/{rel}","templated":true}]}}