{"id":1370,"date":"2025-07-29T15:56:52","date_gmt":"2025-07-29T13:56:52","guid":{"rendered":"https:\/\/sjomatgrossisten.no\/pri\/?post_type=product&#038;p=1370"},"modified":"2026-01-10T11:26:11","modified_gmt":"2026-01-10T10:26:11","slug":"fylte-krabbeskjell","status":"publish","type":"product","link":"https:\/\/sjomatgrossisten.no\/pri\/produkt\/fylte-krabbeskjell\/","title":{"rendered":"FYLTE KRABBESKJELL"},"content":{"rendered":"","protected":false},"excerpt":{"rendered":"<p>Fylte krabbeskjell med krabbekj\u00f8tt og klo fra Hitra i Tr\u00f8ndelag. ett skjell p\u00e5 150g pr stk. passer perfekt til 2 personer, server med dill, Aioli majones og sitron<\/p>\n","protected":false},"featured_media":576,"comment_status":"closed","ping_status":"closed","template":"","meta":{"_acf_changed":false},"product_brand":[],"product_cat":[23,20],"product_tag":[],"class_list":{"0":"post-1370","1":"product","2":"type-product","3":"status-publish","4":"has-post-thumbnail","6":"wpc-brand-hitra","7":"product_cat-sesongvarer","8":"product_cat-skalldyr","10":"first","11":"instock","12":"taxable","13":"shipping-taxable","14":"purchasable","15":"product-type-simple"},"acf":[],"yoast_head":"<!-- This site is optimized with the Yoast SEO plugin v27.4 - https:\/\/yoast.com\/product\/yoast-seo-wordpress\/ -->\n<title>FYLTE KRABBESKJELL - Sj\u00f8matgrossisten AS<\/title>\n<meta name=\"description\" content=\"Fylte krabbeskjell med krabbekj\u00f8tt og klo fra Hitra i Tr\u00f8ndelag. ett skjell p\u00e5 150g pr stk passer perfekt til 2 personer, server med dill, Aioli majones og sitron\" \/>\n<meta name=\"robots\" content=\"index, follow, max-snippet:-1, max-image-preview:large, max-video-preview:-1\" \/>\n<link rel=\"canonical\" href=\"https:\/\/sjomatgrossisten.no\/pri\/produkt\/fylte-krabbeskjell\/\" \/>\n<meta property=\"og:locale\" content=\"nb_NO\" \/>\n<meta property=\"og:type\" content=\"article\" \/>\n<meta property=\"og:title\" content=\"FYLTE KRABBESKJELL - Sj\u00f8matgrossisten AS\" \/>\n<meta property=\"og:description\" content=\"Fylte krabbeskjell med krabbekj\u00f8tt og klo fra Hitra i Tr\u00f8ndelag. ett skjell p\u00e5 150g pr stk passer perfekt til 2 personer, server med dill, Aioli majones og sitron\" \/>\n<meta property=\"og:url\" content=\"https:\/\/sjomatgrossisten.no\/pri\/produkt\/fylte-krabbeskjell\/\" \/>\n<meta property=\"og:site_name\" content=\"Sj\u00f8matgrossisten AS\" \/>\n<meta property=\"article:modified_time\" content=\"2026-01-10T10:26:11+00:00\" \/>\n<meta property=\"og:image\" content=\"https:\/\/sjomatgrossisten.no\/pri\/wp-content\/uploads\/2024\/04\/fylt_krabbeskjell.jpg\" \/>\n\t<meta property=\"og:image:width\" content=\"1792\" \/>\n\t<meta property=\"og:image:height\" content=\"1200\" \/>\n\t<meta property=\"og:image:type\" content=\"image\/jpeg\" \/>\n<meta name=\"twitter:card\" content=\"summary_large_image\" \/>\n<meta name=\"twitter:label1\" content=\"Ansl. lesetid\" \/>\n\t<meta name=\"twitter:data1\" content=\"1 minutt\" \/>\n<script type=\"application\/ld+json\" class=\"yoast-schema-graph\">{\"@context\":\"https:\\\/\\\/schema.org\",\"@graph\":[{\"@type\":\"WebPage\",\"@id\":\"https:\\\/\\\/sjomatgrossisten.no\\\/pri\\\/produkt\\\/fylte-krabbeskjell\\\/\",\"url\":\"https:\\\/\\\/sjomatgrossisten.no\\\/pri\\\/produkt\\\/fylte-krabbeskjell\\\/\",\"name\":\"FYLTE KRABBESKJELL - Sj\u00f8matgrossisten AS\",\"isPartOf\":{\"@id\":\"https:\\\/\\\/sjomatgrossisten.no\\\/pri\\\/#website\"},\"primaryImageOfPage\":{\"@id\":\"https:\\\/\\\/sjomatgrossisten.no\\\/pri\\\/produkt\\\/fylte-krabbeskjell\\\/#primaryimage\"},\"image\":{\"@id\":\"https:\\\/\\\/sjomatgrossisten.no\\\/pri\\\/produkt\\\/fylte-krabbeskjell\\\/#primaryimage\"},\"thumbnailUrl\":\"https:\\\/\\\/sjomatgrossisten.no\\\/pri\\\/wp-content\\\/uploads\\\/2024\\\/04\\\/fylt_krabbeskjell.jpg\",\"datePublished\":\"2025-07-29T13:56:52+00:00\",\"dateModified\":\"2026-01-10T10:26:11+00:00\",\"description\":\"Fylte krabbeskjell med krabbekj\u00f8tt og klo fra Hitra i Tr\u00f8ndelag. ett skjell p\u00e5 150g pr stk passer perfekt til 2 personer, server med dill, Aioli majones og sitron\",\"breadcrumb\":{\"@id\":\"https:\\\/\\\/sjomatgrossisten.no\\\/pri\\\/produkt\\\/fylte-krabbeskjell\\\/#breadcrumb\"},\"inLanguage\":\"nb-NO\",\"potentialAction\":[{\"@type\":\"ReadAction\",\"target\":[\"https:\\\/\\\/sjomatgrossisten.no\\\/pri\\\/produkt\\\/fylte-krabbeskjell\\\/\"]}]},{\"@type\":\"ImageObject\",\"inLanguage\":\"nb-NO\",\"@id\":\"https:\\\/\\\/sjomatgrossisten.no\\\/pri\\\/produkt\\\/fylte-krabbeskjell\\\/#primaryimage\",\"url\":\"https:\\\/\\\/sjomatgrossisten.no\\\/pri\\\/wp-content\\\/uploads\\\/2024\\\/04\\\/fylt_krabbeskjell.jpg\",\"contentUrl\":\"https:\\\/\\\/sjomatgrossisten.no\\\/pri\\\/wp-content\\\/uploads\\\/2024\\\/04\\\/fylt_krabbeskjell.jpg\",\"width\":1792,\"height\":1200},{\"@type\":\"BreadcrumbList\",\"@id\":\"https:\\\/\\\/sjomatgrossisten.no\\\/pri\\\/produkt\\\/fylte-krabbeskjell\\\/#breadcrumb\",\"itemListElement\":[{\"@type\":\"ListItem\",\"position\":1,\"name\":\"Hjem\",\"item\":\"https:\\\/\\\/sjomatgrossisten.no\\\/pri\\\/\"},{\"@type\":\"ListItem\",\"position\":2,\"name\":\"Butikk\",\"item\":\"https:\\\/\\\/sjomatgrossisten.no\\\/pri\\\/butikk\\\/\"},{\"@type\":\"ListItem\",\"position\":3,\"name\":\"FYLTE KRABBESKJELL\"}]},{\"@type\":\"WebSite\",\"@id\":\"https:\\\/\\\/sjomatgrossisten.no\\\/pri\\\/#website\",\"url\":\"https:\\\/\\\/sjomatgrossisten.no\\\/pri\\\/\",\"name\":\"Sj\u00f8matgrossisten AS\",\"description\":\"Fisk og sj\u00f8mat grossist\",\"potentialAction\":[{\"@type\":\"SearchAction\",\"target\":{\"@type\":\"EntryPoint\",\"urlTemplate\":\"https:\\\/\\\/sjomatgrossisten.no\\\/pri\\\/?s={search_term_string}\"},\"query-input\":{\"@type\":\"PropertyValueSpecification\",\"valueRequired\":true,\"valueName\":\"search_term_string\"}}],\"inLanguage\":\"nb-NO\"}]}<\/script>\n<!-- \/ Yoast SEO plugin. -->","yoast_head_json":{"title":"FYLTE KRABBESKJELL - Sj\u00f8matgrossisten AS","description":"Fylte krabbeskjell med krabbekj\u00f8tt og klo fra Hitra i Tr\u00f8ndelag. ett skjell p\u00e5 150g pr stk passer perfekt til 2 personer, server med dill, Aioli majones og sitron","robots":{"index":"index","follow":"follow","max-snippet":"max-snippet:-1","max-image-preview":"max-image-preview:large","max-video-preview":"max-video-preview:-1"},"canonical":"https:\/\/sjomatgrossisten.no\/pri\/produkt\/fylte-krabbeskjell\/","og_locale":"nb_NO","og_type":"article","og_title":"FYLTE KRABBESKJELL - Sj\u00f8matgrossisten AS","og_description":"Fylte krabbeskjell med krabbekj\u00f8tt og klo fra Hitra i Tr\u00f8ndelag. ett skjell p\u00e5 150g pr stk passer perfekt til 2 personer, server med dill, Aioli majones og sitron","og_url":"https:\/\/sjomatgrossisten.no\/pri\/produkt\/fylte-krabbeskjell\/","og_site_name":"Sj\u00f8matgrossisten AS","article_modified_time":"2026-01-10T10:26:11+00:00","og_image":[{"width":1792,"height":1200,"url":"https:\/\/sjomatgrossisten.no\/pri\/wp-content\/uploads\/2024\/04\/fylt_krabbeskjell.jpg","type":"image\/jpeg"}],"twitter_card":"summary_large_image","twitter_misc":{"Ansl. lesetid":"1 minutt"},"schema":{"@context":"https:\/\/schema.org","@graph":[{"@type":"WebPage","@id":"https:\/\/sjomatgrossisten.no\/pri\/produkt\/fylte-krabbeskjell\/","url":"https:\/\/sjomatgrossisten.no\/pri\/produkt\/fylte-krabbeskjell\/","name":"FYLTE KRABBESKJELL - Sj\u00f8matgrossisten AS","isPartOf":{"@id":"https:\/\/sjomatgrossisten.no\/pri\/#website"},"primaryImageOfPage":{"@id":"https:\/\/sjomatgrossisten.no\/pri\/produkt\/fylte-krabbeskjell\/#primaryimage"},"image":{"@id":"https:\/\/sjomatgrossisten.no\/pri\/produkt\/fylte-krabbeskjell\/#primaryimage"},"thumbnailUrl":"https:\/\/sjomatgrossisten.no\/pri\/wp-content\/uploads\/2024\/04\/fylt_krabbeskjell.jpg","datePublished":"2025-07-29T13:56:52+00:00","dateModified":"2026-01-10T10:26:11+00:00","description":"Fylte krabbeskjell med krabbekj\u00f8tt og klo fra Hitra i Tr\u00f8ndelag. ett skjell p\u00e5 150g pr stk passer perfekt til 2 personer, server med dill, Aioli majones og sitron","breadcrumb":{"@id":"https:\/\/sjomatgrossisten.no\/pri\/produkt\/fylte-krabbeskjell\/#breadcrumb"},"inLanguage":"nb-NO","potentialAction":[{"@type":"ReadAction","target":["https:\/\/sjomatgrossisten.no\/pri\/produkt\/fylte-krabbeskjell\/"]}]},{"@type":"ImageObject","inLanguage":"nb-NO","@id":"https:\/\/sjomatgrossisten.no\/pri\/produkt\/fylte-krabbeskjell\/#primaryimage","url":"https:\/\/sjomatgrossisten.no\/pri\/wp-content\/uploads\/2024\/04\/fylt_krabbeskjell.jpg","contentUrl":"https:\/\/sjomatgrossisten.no\/pri\/wp-content\/uploads\/2024\/04\/fylt_krabbeskjell.jpg","width":1792,"height":1200},{"@type":"BreadcrumbList","@id":"https:\/\/sjomatgrossisten.no\/pri\/produkt\/fylte-krabbeskjell\/#breadcrumb","itemListElement":[{"@type":"ListItem","position":1,"name":"Hjem","item":"https:\/\/sjomatgrossisten.no\/pri\/"},{"@type":"ListItem","position":2,"name":"Butikk","item":"https:\/\/sjomatgrossisten.no\/pri\/butikk\/"},{"@type":"ListItem","position":3,"name":"FYLTE KRABBESKJELL"}]},{"@type":"WebSite","@id":"https:\/\/sjomatgrossisten.no\/pri\/#website","url":"https:\/\/sjomatgrossisten.no\/pri\/","name":"Sj\u00f8matgrossisten AS","description":"Fisk og sj\u00f8mat grossist","potentialAction":[{"@type":"SearchAction","target":{"@type":"EntryPoint","urlTemplate":"https:\/\/sjomatgrossisten.no\/pri\/?s={search_term_string}"},"query-input":{"@type":"PropertyValueSpecification","valueRequired":true,"valueName":"search_term_string"}}],"inLanguage":"nb-NO"}]}},"_links":{"self":[{"href":"https:\/\/sjomatgrossisten.no\/pri\/wp-json\/wp\/v2\/product\/1370","targetHints":{"allow":["GET"]}}],"collection":[{"href":"https:\/\/sjomatgrossisten.no\/pri\/wp-json\/wp\/v2\/product"}],"about":[{"href":"https:\/\/sjomatgrossisten.no\/pri\/wp-json\/wp\/v2\/types\/product"}],"replies":[{"embeddable":true,"href":"https:\/\/sjomatgrossisten.no\/pri\/wp-json\/wp\/v2\/comments?post=1370"}],"wp:featuredmedia":[{"embeddable":true,"href":"https:\/\/sjomatgrossisten.no\/pri\/wp-json\/wp\/v2\/media\/576"}],"wp:attachment":[{"href":"https:\/\/sjomatgrossisten.no\/pri\/wp-json\/wp\/v2\/media?parent=1370"}],"wp:term":[{"taxonomy":"product_brand","embeddable":true,"href":"https:\/\/sjomatgrossisten.no\/pri\/wp-json\/wp\/v2\/product_brand?post=1370"},{"taxonomy":"product_cat","embeddable":true,"href":"https:\/\/sjomatgrossisten.no\/pri\/wp-json\/wp\/v2\/product_cat?post=1370"},{"taxonomy":"product_tag","embeddable":true,"href":"https:\/\/sjomatgrossisten.no\/pri\/wp-json\/wp\/v2\/product_tag?post=1370"}],"curies":[{"name":"wp","href":"https:\/\/api.w.org\/{rel}","templated":true}]}}