{"id":450,"date":"2024-04-12T14:37:32","date_gmt":"2024-04-12T12:37:32","guid":{"rendered":"https:\/\/flaks.no\/?page_id=450"},"modified":"2024-07-03T20:13:32","modified_gmt":"2024-07-03T18:13:32","slug":"personvern","status":"publish","type":"page","link":"https:\/\/sjomatgrossisten.no\/pri\/personvern\/","title":{"rendered":"Personvern"},"content":{"rendered":"\n\n\t<section class=\"section\" id=\"section_297685488\">\n\t\t<div class=\"section-bg fill\" >\n\t\t\t\t\t\t\t\t\t\n\t\t\t\n\n\t\t<\/div>\n\n\t\t\n\n\t\t<div class=\"section-content relative\">\n\t\t\t\n\n\t<div id=\"gap-1635544925\" class=\"gap-element clearfix\" style=\"display:block; height:auto;\">\n\t\t\n<style>\n#gap-1635544925 {\n  padding-top: 30px;\n}\n<\/style>\n\t<\/div>\n\t\n\n<div class=\"row\"  id=\"row-1096398048\">\n\n\n\t<div id=\"col-1159680367\" class=\"col medium-4 small-12 large-4\"  >\n\t\t\t\t<div class=\"col-inner\"  >\n\t\t\t\n\t\t\t\n\n\t<div id=\"text-1064724963\" class=\"text\">\n\t\t\n\n<h2>Personvern<\/h2>\n\t\t\n<style>\n#text-1064724963 {\n  font-size: 1.75rem;\n}\n<\/style>\n\t<\/div>\n\t\n\n\t\t<\/div>\n\t\t\t\t\t<\/div>\n\n\t\n\n\t<div id=\"col-1655646043\" class=\"col medium-8 small-12 large-8\"  >\n\t\t\t\t<div class=\"col-inner\"  >\n\t\t\t\n\t\t\t\n\n<p class=\"limited-width\"><em>All behandling og bruk av personopplysninger behandles i samsvar med personopplysningslov og \u2013 forskrift. Sj\u00f8matgrossisten AS kommer ikke til \u00e5 selge eller overlevere dine personopplysninger til tredjepart med mindre dette er n\u00f8dvendig for \u00e5 gjennomf\u00f8re ordren\/avtalen med deg, eller i lovbestemte tilfeller.<\/em><\/p>\n<h2>Generell informasjon<\/h2>\n<p>Velkommen til siden v\u00e5r om personvern! N\u00e5r du bruker butikktjenestene v\u00e5re, stoler du p\u00e5 oss med informasjonen din. Denne personvernpolitikken er ment \u00e5 hjelpe deg med \u00e5 forst\u00e5 hvilke data vi samler inn, hvorfor vi samler inn dem og hva vi gj\u00f8r med dem. N\u00e5r du deler informasjon med oss, kan vi gj\u00f8re tjenestene v\u00e5re enda bedre for deg. For eksempel kan vi vise deg mer relevante s\u00f8keresultater og annonser, hjelpe deg med \u00e5 f\u00e5 kontakt med mennesker eller for \u00e5 gj\u00f8re deling med andre raskere og enklere. N\u00e5r du bruker tjenestene v\u00e5re, \u00f8nsker vi at du skal v\u00e6re tydelig p\u00e5 hvordan vi bruker informasjon og hvordan du kan beskytte personvernet ditt. Dette er viktig; vi h\u00e5per du vil ta deg tid til \u00e5 lese den n\u00f8ye. Husk at du kan finne kontroller for \u00e5 administrere informasjonen din og beskytte ditt privatliv og sikkerhet. Vi har pr\u00f8vd \u00e5 holde det s\u00e5 enkelt som mulig.<\/p>\n<h2>Rett til \u00e5 f\u00e5 tilgang til, korrigere og slette data og innvende mot databehandling<\/h2>\n<p>V\u00e5re kunder har rett til \u00e5 f\u00e5 tilgang, korrigere og slette personopplysninger knyttet til dem, og til \u00e5 motsette seg behandlingen av slike data ved \u00e5 adressere en skriftlig foresp\u00f8rsel n\u00e5r som helst. Selskapet gj\u00f8r alt for \u00e5 iverksette passende forholdsregler for \u00e5 ivareta sikkerheten og personvernet til personopplysninger, og for \u00e5 forhindre at de blir endret, \u00f8delagt, \u00f8delagt eller f\u00e5r tilgang til av uautoriserte tredjeparter. Imidlertid kontrollerer ikke selskapet hver eneste risiko knyttet til bruk av Internett, og advarer derfor nettstedbrukerne om de potensielle risikoene som er involvert i funksjon og bruk av Internett. Nettstedet kan inneholde lenker til andre nettsteder eller andre internettkilder. Siden selskapet ikke kan kontrollere disse nettstedene og eksterne kilder, kan selskapet ikke holdes ansvarlig for levering eller visning av disse nettstedene og eksterne kilder, og kan ikke holdes ansvarlig for innholdet, annonseringen, produktene, tjenestene eller annet materiale tilgjengelig p\u00e5 eller fra disse nettstedene eller eksterne kilder.<\/p>\n<h2>H\u00e5ndtering av personopplysninger<\/h2>\n<p>Du kan se eller redigere dine personlige data p\u00e5 nettet for mange av v\u00e5re tjenester. Du kan ogs\u00e5 ta valg om v\u00e5r innsamling og bruk av dataene dine. Hvordan du kan f\u00e5 tilgang til eller kontrollere dine personlige data vil avhenge av hvilke tjenester du bruker. Du kan velge om du vil motta kampanjekommunikasjon fra v\u00e5r butikk via e-post, SMS, fysisk post og telefon. Hvis du mottar salgsfremmende e-post- eller SMS-meldinger fra oss og \u00f8nsker \u00e5 melde deg av, kan du gj\u00f8re det ved \u00e5 f\u00f8lge instruksjonene i den meldingen.<\/p>\n<h2>Informasjon vi samler inn<\/h2>\n<p>Butikken v\u00e5r samler inn data for \u00e5 fungere effektivt og gi deg de beste opplevelsene med v\u00e5re tjenester. Du leverer noen av disse dataene direkte, for eksempel n\u00e5r du oppretter en personlig konto. Vi f\u00e5r noe av det ved \u00e5 registrere hvordan du samhandler med v\u00e5re tjenester ved for eksempel \u00e5 bruke teknologier som informasjonskapsler, og motta feilrapporter eller bruksdata fra programvare som kj\u00f8rer p\u00e5 enheten din. Vi innhenter ogs\u00e5 data fra tredjepart (inkludert andre selskaper). For eksempel supplerer vi dataene vi samler inn ved \u00e5 kj\u00f8pe demografiske data fra andre selskaper. Vi bruker ogs\u00e5 tjenester fra andre selskaper for \u00e5 hjelpe oss med \u00e5 bestemme et sted basert p\u00e5 din IP-adresse for \u00e5 tilpasse bestemte tjenester til ditt sted. Dataene vi samler inn avhenger av tjenestene og funksjonene du bruker.<\/p>\n<h2>Hvordan vi bruker informasjonen din<\/h2>\n<p>Butikken v\u00e5r bruker dataene vi samler inn for tre grunnleggende form\u00e5l: for \u00e5 drifte v\u00e5r virksomhet og tilby (inkludert forbedring og personalisering) tjenestene vi tilbyr, for \u00e5 sende kommunikasjon, inkludert kampanjekommunikasjon, og for \u00e5 vise reklame. N\u00e5r vi utf\u00f8rer disse form\u00e5lene, kombinerer vi data vi samler inn gjennom de forskjellige butikktjenestene du bruker for \u00e5 gi deg en mer s\u00f8ml\u00f8s, konsistent og personlig opplevelse. For \u00e5 forbedre personvernet har vi imidlertid innebygd teknologiske og prosessuelle garantier som er designet for \u00e5 forhindre visse datakombinasjoner. For eksempel lagrer vi data vi samler inn fra deg n\u00e5r du ikke er autentifisert (ikke logget p\u00e5) separat fra all kontoinformasjon som direkte identifiserer deg, for eksempel navn, e-postadresse eller telefonnummer.<\/p>\n<h2>Dele informasjonen din<\/h2>\n<p>Vi deler dine personopplysninger med ditt samtykke eller etter behov for \u00e5 fullf\u00f8re enhver transaksjon eller tilby enhver tjeneste du har bedt om eller autorisert. Vi deler for eksempel innholdet ditt med tredjeparter n\u00e5r du ber oss om \u00e5 gj\u00f8re det. N\u00e5r du leverer betalingsdata for \u00e5 gj\u00f8re et kj\u00f8p, vil vi dele betalingsdata med banker og andre enheter som behandler betalingstransaksjoner eller leverer andre finansielle tjenester, og for \u00e5 forebygge svindel og redusere kredittrisikoen. I tillegg deler vi personopplysninger mellom v\u00e5re kontrollerte tilknyttede selskaper og datterselskaper. Vi deler ogs\u00e5 personopplysninger med leverand\u00f8rer eller agenter som jobber p\u00e5 v\u00e5re vegne for de form\u00e5lene som er beskrevet i denne uttalelsen. For eksempel kan selskaper vi har ansatt for \u00e5 tilby kundeservicest\u00f8tte eller hjelpe deg med \u00e5 beskytte og sikre v\u00e5re systemer og tjenester, trenge tilgang til personopplysninger for \u00e5 kunne tilby disse funksjonene. I slike tilfeller m\u00e5 disse selskapene overholde v\u00e5re krav til personvern og sikkerhet og har ikke lov til \u00e5 bruke personopplysninger de mottar fra oss til noe annet form\u00e5l. Vi kan ogs\u00e5 avsl\u00f8re personopplysninger som en del av en virksomhetstransaksjon som fusjon eller salg av eiendeler.<\/p>\n<h2 class=\"limited-width\">Informasjonskapsler<\/h2>\n<p class=\"limited-width\">En informasjonskapsel \u2013 cookie \u2013 er en liten tekstfil som lagres p\u00e5 din datamaskin eller mobil og hentes opp derfra ved senere bes\u00f8k.\u00a0Sj\u00f8matgrossisten\u00a0bruker informasjonskapsler for \u00e5 forbedre og forenkle ditt bes\u00f8k. Vi bruker ikke informasjonskapsler til \u00e5 lagre personlig informasjon, eller til \u00e5 gi informasjon til tredjeparter. Det finnes to ulike typer informasjonskapsler, vedvarende og midlertidige (informasjonskapsler for sesjoner). Vedvarende informasjonskapsler lagres som en fil p\u00e5 din datamaskin eller mobil i en tidsperiode p\u00e5 ikke mer enn 12 m\u00e5neder. Informasjonskapsler for sesjoner er midlertidige og forsvinner n\u00e5r du stenger \u00f8kten i nettleseren.<\/p>\n<p class=\"limited-width\">Det er enkelt \u00e5 slette informasjonskapsler fra datamaskinen eller mobilen ved hjelp av nettleseren. Se under \u201chjelp\u201d i nettleseren for \u00e5 finne instruksjoner for hvordan du h\u00e5ndterer og sletter informasjonskapsler.<\/p>\n<p class=\"limited-width\">Merk deg at du ikke vil kunne handle hvis du sl\u00e5r av informasjonskapsler.<\/p>\n<p class=\"limited-width\">Vi bruker informasjonskapsler for tredjepart til \u00e5 samle inn statistikk i aggregatform ved hjelp av analyseverkt\u00f8y som Google Analytic. B\u00e5de vedvarende og midlertidige informasjonskapsler (informasjonskapsler for sesjoner) blir brukt. De vedvarende informasjonskapslene lagres p\u00e5 datamaskinen eller mobilen i ikke mer enn 6 m\u00e5neder.<\/p>\n<h3>Slik forhindrer du at informasjonskapsler lagres<\/h3>\n<p>Du kan slette informasjonskapsler fra din harddisk n\u00e5r som helst, men dette gj\u00f8r at dine personlige innstillinger forsvinner.<\/p>\n<p>Du kan ogs\u00e5 endre innstillingene i din nettleser slik at den ikke tillater at informasjonskapsler lagres p\u00e5 din harddisk. Dette gir imidlertid d\u00e5rligere funksjonalitet p\u00e5 visse websider, kan forhindre tilgang til medlemssider og gj\u00f8re at deler av innhold og enkelte funksjoner ikke blir tilgjengelige.<\/p>\n<p>Hvis du ikke \u00f8nsker \u00e5 bli sporet av Google Analytics kan dette deaktiveres p\u00e5 adressen:\u00a0<a href=\"http:\/\/tools.google.com\/dlpage\/gaoptout\" target=\"_blank\" rel=\"nofollow noopener noreferrer\">http:\/\/tools.google.com\/dlpage\/gaoptout<\/a>.<\/p>\n<p>Mer informasjon om hvordan du kan unng\u00e5 informasjonskapsler kan du lese p\u00e5\u00a0<a href=\"http:\/\/www.nettvett.no\/\" target=\"_blank\" rel=\"nofollow noopener noreferrer\">www.nettvett.no<\/a>\u00a0og\u00a0<a href=\"http:\/\/www.allaboutcookies.org\/\" target=\"_blank\" rel=\"nofollow noopener noreferrer\">www.allaboutcookies.org<\/a>.<\/p>\n<p>Du kan n\u00e5r som helst be oss om alt utlevert, eller alt slettet.<\/p>\n<h3 class=\"mb-3 mt-3\">Du kan klage p\u00e5 v\u00e5r behandling av personopplysninger<\/h3>\n<p>Vi h\u00e5per du vil si ifra dersom du mener vi ikke overholder reglene i personopplysningsloven. Ta da gjerne f\u00f8rst kontakt med oss.<\/p>\n<p>Du kan ogs\u00e5 klage over v\u00e5r behandling av personopplysninger. Dette gj\u00f8r du til Datatilsynet.<\/p>\n\n\t\t<\/div>\n\t\t\t\t\t<\/div>\n\n\t\n\n<\/div>\n\n\t\t<\/div>\n\n\t\t\n<style>\n#section_297685488 {\n  padding-top: 30px;\n  padding-bottom: 30px;\n}\n<\/style>\n\t<\/section>\n\t\n\n","protected":false},"excerpt":{"rendered":"","protected":false},"author":1,"featured_media":0,"parent":0,"menu_order":0,"comment_status":"closed","ping_status":"closed","template":"","meta":{"_acf_changed":false,"footnotes":""},"class_list":["post-450","page","type-page","status-publish","hentry"],"acf":[],"yoast_head":"<!-- This site is optimized with the Yoast SEO plugin v27.4 - https:\/\/yoast.com\/product\/yoast-seo-wordpress\/ -->\n<title>Personvern - Sj\u00f8matgrossisten AS<\/title>\n<meta name=\"robots\" content=\"index, follow, max-snippet:-1, max-image-preview:large, max-video-preview:-1\" \/>\n<link rel=\"canonical\" href=\"https:\/\/sjomatgrossisten.no\/pri\/personvern\/\" \/>\n<meta property=\"og:locale\" content=\"nb_NO\" \/>\n<meta property=\"og:type\" content=\"article\" \/>\n<meta property=\"og:title\" content=\"Personvern - Sj\u00f8matgrossisten AS\" \/>\n<meta property=\"og:url\" content=\"https:\/\/sjomatgrossisten.no\/pri\/personvern\/\" \/>\n<meta property=\"og:site_name\" content=\"Sj\u00f8matgrossisten AS\" \/>\n<meta property=\"article:modified_time\" content=\"2024-07-03T18:13:32+00:00\" \/>\n<meta name=\"twitter:card\" content=\"summary_large_image\" \/>\n<meta name=\"twitter:label1\" content=\"Ansl. lesetid\" \/>\n\t<meta name=\"twitter:data1\" content=\"7 minutter\" \/>\n<script type=\"application\/ld+json\" class=\"yoast-schema-graph\">{\"@context\":\"https:\\\/\\\/schema.org\",\"@graph\":[{\"@type\":\"WebPage\",\"@id\":\"https:\\\/\\\/sjomatgrossisten.no\\\/pri\\\/personvern\\\/\",\"url\":\"https:\\\/\\\/sjomatgrossisten.no\\\/pri\\\/personvern\\\/\",\"name\":\"Personvern - Sj\u00f8matgrossisten AS\",\"isPartOf\":{\"@id\":\"https:\\\/\\\/sjomatgrossisten.no\\\/pri\\\/#website\"},\"datePublished\":\"2024-04-12T12:37:32+00:00\",\"dateModified\":\"2024-07-03T18:13:32+00:00\",\"breadcrumb\":{\"@id\":\"https:\\\/\\\/sjomatgrossisten.no\\\/pri\\\/personvern\\\/#breadcrumb\"},\"inLanguage\":\"nb-NO\",\"potentialAction\":[{\"@type\":\"ReadAction\",\"target\":[\"https:\\\/\\\/sjomatgrossisten.no\\\/pri\\\/personvern\\\/\"]}]},{\"@type\":\"BreadcrumbList\",\"@id\":\"https:\\\/\\\/sjomatgrossisten.no\\\/pri\\\/personvern\\\/#breadcrumb\",\"itemListElement\":[{\"@type\":\"ListItem\",\"position\":1,\"name\":\"Hjem\",\"item\":\"https:\\\/\\\/sjomatgrossisten.no\\\/pri\\\/\"},{\"@type\":\"ListItem\",\"position\":2,\"name\":\"Personvern\"}]},{\"@type\":\"WebSite\",\"@id\":\"https:\\\/\\\/sjomatgrossisten.no\\\/pri\\\/#website\",\"url\":\"https:\\\/\\\/sjomatgrossisten.no\\\/pri\\\/\",\"name\":\"Sj\u00f8matgrossisten AS\",\"description\":\"Fisk og sj\u00f8mat grossist\",\"potentialAction\":[{\"@type\":\"SearchAction\",\"target\":{\"@type\":\"EntryPoint\",\"urlTemplate\":\"https:\\\/\\\/sjomatgrossisten.no\\\/pri\\\/?s={search_term_string}\"},\"query-input\":{\"@type\":\"PropertyValueSpecification\",\"valueRequired\":true,\"valueName\":\"search_term_string\"}}],\"inLanguage\":\"nb-NO\"}]}<\/script>\n<!-- \/ Yoast SEO plugin. -->","yoast_head_json":{"title":"Personvern - Sj\u00f8matgrossisten AS","robots":{"index":"index","follow":"follow","max-snippet":"max-snippet:-1","max-image-preview":"max-image-preview:large","max-video-preview":"max-video-preview:-1"},"canonical":"https:\/\/sjomatgrossisten.no\/pri\/personvern\/","og_locale":"nb_NO","og_type":"article","og_title":"Personvern - Sj\u00f8matgrossisten AS","og_url":"https:\/\/sjomatgrossisten.no\/pri\/personvern\/","og_site_name":"Sj\u00f8matgrossisten AS","article_modified_time":"2024-07-03T18:13:32+00:00","twitter_card":"summary_large_image","twitter_misc":{"Ansl. lesetid":"7 minutter"},"schema":{"@context":"https:\/\/schema.org","@graph":[{"@type":"WebPage","@id":"https:\/\/sjomatgrossisten.no\/pri\/personvern\/","url":"https:\/\/sjomatgrossisten.no\/pri\/personvern\/","name":"Personvern - Sj\u00f8matgrossisten AS","isPartOf":{"@id":"https:\/\/sjomatgrossisten.no\/pri\/#website"},"datePublished":"2024-04-12T12:37:32+00:00","dateModified":"2024-07-03T18:13:32+00:00","breadcrumb":{"@id":"https:\/\/sjomatgrossisten.no\/pri\/personvern\/#breadcrumb"},"inLanguage":"nb-NO","potentialAction":[{"@type":"ReadAction","target":["https:\/\/sjomatgrossisten.no\/pri\/personvern\/"]}]},{"@type":"BreadcrumbList","@id":"https:\/\/sjomatgrossisten.no\/pri\/personvern\/#breadcrumb","itemListElement":[{"@type":"ListItem","position":1,"name":"Hjem","item":"https:\/\/sjomatgrossisten.no\/pri\/"},{"@type":"ListItem","position":2,"name":"Personvern"}]},{"@type":"WebSite","@id":"https:\/\/sjomatgrossisten.no\/pri\/#website","url":"https:\/\/sjomatgrossisten.no\/pri\/","name":"Sj\u00f8matgrossisten AS","description":"Fisk og sj\u00f8mat grossist","potentialAction":[{"@type":"SearchAction","target":{"@type":"EntryPoint","urlTemplate":"https:\/\/sjomatgrossisten.no\/pri\/?s={search_term_string}"},"query-input":{"@type":"PropertyValueSpecification","valueRequired":true,"valueName":"search_term_string"}}],"inLanguage":"nb-NO"}]}},"_links":{"self":[{"href":"https:\/\/sjomatgrossisten.no\/pri\/wp-json\/wp\/v2\/pages\/450","targetHints":{"allow":["GET"]}}],"collection":[{"href":"https:\/\/sjomatgrossisten.no\/pri\/wp-json\/wp\/v2\/pages"}],"about":[{"href":"https:\/\/sjomatgrossisten.no\/pri\/wp-json\/wp\/v2\/types\/page"}],"author":[{"embeddable":true,"href":"https:\/\/sjomatgrossisten.no\/pri\/wp-json\/wp\/v2\/users\/1"}],"replies":[{"embeddable":true,"href":"https:\/\/sjomatgrossisten.no\/pri\/wp-json\/wp\/v2\/comments?post=450"}],"version-history":[{"count":0,"href":"https:\/\/sjomatgrossisten.no\/pri\/wp-json\/wp\/v2\/pages\/450\/revisions"}],"wp:attachment":[{"href":"https:\/\/sjomatgrossisten.no\/pri\/wp-json\/wp\/v2\/media?parent=450"}],"curies":[{"name":"wp","href":"https:\/\/api.w.org\/{rel}","templated":true}]}}