{"id":3,"date":"2024-04-03T14:27:06","date_gmt":"2024-04-03T12:27:06","guid":{"rendered":"https:\/\/sjomatgrossisten.no\/pri\/\/?page_id=3"},"modified":"2024-06-27T12:44:34","modified_gmt":"2024-06-27T10:44:34","slug":"personvernerklaering","status":"publish","type":"page","link":"https:\/\/sjomatgrossisten.no\/pri\/personvernerklaering\/","title":{"rendered":"Personvernerkl\u00e6ring"},"content":{"rendered":"\n<h2 class=\"wp-block-heading\">Hvem vi er<\/h2>\n\n\n\n<p>V\u00e5r nettstedsadresse er https:\/\/sjomatgrossisten.no<\/p>\n\n\n\n<p>Personvernerkl\u00e6ringen handler om hvordan denne nettsiden samler inn og bruker informasjon om bes\u00f8kende. Erkl\u00e6ringen inneholder informasjon du har krav p\u00e5 n\u00e5r det samles inn opplysninger fra nettstedet v\u00e5rt (personopplysningsloven \u00a7 19), og generell informasjon om hvordan vi behandler personopplysninger (personopplysningsloven \u00a7 18, 1.ledd). Juridisk eier av nettsiden er behandlingsansvarlig for virksomhetens behandling av personopplysninger. Det er frivillig for de som bes\u00f8ker nettsidene \u00e5 oppgi personopplysninger i forbindelse med tjenester som \u00e5 motta nyhetsbrev og benytte del- og tipstjenesten. Behandlingsgrunnlaget er samtykke fra den enkelte, med mindre annet er spesifisert.<\/p>\n\n\n\n<ol class=\"wp-block-list\">\n<li><strong>Webanalyse og informasjonskapsler (cookies)<\/strong><br>Som en viktig del av arbeidet med \u00e5 lage et brukervennlig nettsted, ser vi p\u00e5 brukerm\u00f8nsteret til de som bes\u00f8ker nettstedet. For \u00e5 analysere informasjonen, bruker vi analyseverkt\u00f8yet Google Analytics. Google Analytics bruker informasjonskapsler\/cookies (sm\u00e5 tekstfiler som nettstedet lagrer p\u00e5 brukerens datamaskin), som registrerer brukernes IP-adresse, og som gir informasjon om den enkelte brukers bevegelser p\u00e5 nett. Eksempler p\u00e5 hva statistikken gir oss svar p\u00e5 er; hvor mange som bes\u00f8ker ulike sider, hvor lenge bes\u00f8ket varer, hvilke nettsteder brukerne kommer fra og hvilke nettlesere som benyttes. Ingen av informasjonskapslene gj\u00f8r at vi kan knytte informasjon om din bruk av nettstedet til deg som enkeltperson. Informasjonen som samles inn av Google Analytics, lagres p\u00e5 Googles servere i USA. Mottatte opplysninger er underlagt Googles retningslinjer for personvern. En IP-adresse er definert som en personopplysning fordi den kan spores tilbake til en bestemt maskinvare og dermed til en enkeltperson. Vi bruker Google Analytics sin sporingskode som anonymiserer IP-adressen f\u00f8r informasjonen lagres og bearbeides av Google. Dermed kan ikke den lagrede IP-adressen brukes til \u00e5 identifisere den enkelte brukeren.<\/li>\n\n\n\n<li><strong>S\u00f8k<\/strong><br>Hvis nettsiden har s\u00f8kefunksjon s\u00e5 lagrer informasjon om hvilke s\u00f8keord brukerne benytter i Google Analytics. Form\u00e5let med lagringen er \u00e5 gj\u00f8re informasjonstilbudet v\u00e5rt bedre. Bruksm\u00f8nsteret for s\u00f8k lagres i aggregert form. Det er bare s\u00f8keordet som lagres, og de kan ikke kobles til andre opplysninger om brukerne, slik som til IP-adressene.<\/li>\n\n\n\n<li><strong>Del\/tips-tjenesten<\/strong><br>Funksjonen \u201cDel med andre\u201d kan brukes til \u00e5 videresende lenker til nettstedet p\u00e5 e-post, eller til \u00e5 dele innholdet p\u00e5 sosiale nettsamfunn. Opplysninger om tips logges ikke hos oss, men brukes kun der og da til \u00e5 legge inn tipset hos nettsamfunnet. Vi kan imidlertid ikke garantere at nettsamfunnet ikke logger disse opplysningene. Alle slike tjenester b\u00f8r derfor brukes med vett. Dersom du benytter e-postfunksjonen, bruker vi bare de oppgitte e-postadressene til \u00e5 sende meldingen videre uten noen form for lagring.<\/li>\n\n\n\n<li><strong>Nyhetsbrev<\/strong><br>Nettsiden kan sende ut nyhetsbrev via epost hvis du har registrert deg for \u00e5 motta dette. For at vi skal kunne sende e-post m\u00e5 du registrere en e-postadresse. Mailchimp er databehandler for nyhetsbrevet. E-postadressen lagres i en egen database, deles ikke med andre og slettes n\u00e5r du sier opp abonnementet. E-postadressen slettes ogs\u00e5 om vi f\u00e5r tilbakemelding om at den ikke er aktiv.<\/li>\n\n\n\n<li><strong>Side- og tjenestefunksjonalitet<\/strong><br>Det blir brukt informasjonskapsler i drift og presentasjon av data fra nettsteder. Slike informasjonskapsler kan inneholde informasjon om spr\u00e5kkode for spr\u00e5k valgt av brukeren. Det kan v\u00e6re informasjonskapsler med informasjon som st\u00f8tter om lastbalanseringen av systemet slik at alle brukere blir sikret en best mulig opplevelse. Ved tjenester som krever innlogging eller s\u00f8k kan det bli brukt informasjonskapsler som sikrer at tjenesten presenterer data til rett mottaker.<\/li>\n<\/ol>\n\n\n\n<h3 class=\"wp-block-heading\">Slik forhindrer du at informasjonskapsler lagres<\/h3>\n\n\n\n<p>Du kan slette informasjonskapsler fra din harddisk n\u00e5r som helst, men dette gj\u00f8r at dine personlige innstillinger forsvinner.<\/p>\n\n\n\n<p>Du kan ogs\u00e5 endre innstillingene i din nettleser slik at den ikke tillater at informasjonskapsler lagres p\u00e5 din harddisk. Dette gir imidlertid d\u00e5rligere funksjonalitet p\u00e5 visse websider, kan forhindre tilgang til medlemssider og gj\u00f8re at deler av innhold og enkelte funksjoner ikke blir tilgjengelige.<\/p>\n\n\n\n<p>Hvis du ikke \u00f8nsker \u00e5 bli sporet av Google Analytics kan dette deaktiveres p\u00e5 adressen:&nbsp;<a href=\"http:\/\/tools.google.com\/dlpage\/gaoptout\" target=\"_blank\" rel=\"noreferrer noopener\">http:\/\/tools.google.com\/dlpage\/gaoptout<\/a>.<\/p>\n\n\n\n<p>Mer informasjon om hvordan du kan unng\u00e5 informasjonskapsler kan du lese p\u00e5&nbsp;<a href=\"http:\/\/www.nettvett.no\/\" target=\"_blank\" rel=\"noreferrer noopener\">www.nettvett.no<\/a>&nbsp;og&nbsp;<a href=\"http:\/\/www.allaboutcookies.org\/\" target=\"_blank\" rel=\"noreferrer noopener\">www.allaboutcookies.org<\/a>.<\/p>\n\n\n\n<p>Vi deler ikke dine opplysninger med andre parter enn v\u00e5rt egne interne CRM system. Du kan n\u00e5r som helst be oss om alt utlevert, eller alt slettet.<\/p>\n\n\n\n<h3 class=\"wp-block-heading\">Du kan klage p\u00e5 v\u00e5r behandling av personopplysninger<\/h3>\n\n\n\n<p>Vi h\u00e5per du vil si ifra dersom du mener vi ikke overholder reglene i personopplysningsloven. Ta da gjerne f\u00f8rst kontakt med oss.<\/p>\n\n\n\n<p>Du kan ogs\u00e5 klage over v\u00e5r behandling av personopplysninger. Dette gj\u00f8r du til Datatilsynet.<\/p>\n","protected":false},"excerpt":{"rendered":"<p>Hvem vi er V\u00e5r nettstedsadresse er https:\/\/sjomatgrossisten.no Personvernerkl\u00e6ringen handler om hvordan denne nettsiden samler inn og bruker informasjon om bes\u00f8kende. Erkl\u00e6ringen inneholder informasjon du har krav p\u00e5 n\u00e5r det samles inn opplysninger fra nettstedet v\u00e5rt (personopplysningsloven \u00a7 19), og generell informasjon om hvordan vi behandler personopplysninger (personopplysningsloven \u00a7 18, 1.ledd). Juridisk eier av nettsiden er [&#8230;]\n","protected":false},"author":1,"featured_media":0,"parent":0,"menu_order":0,"comment_status":"closed","ping_status":"open","template":"page-blank-title-center.php","meta":{"_acf_changed":false,"footnotes":""},"class_list":["post-3","page","type-page","status-publish","hentry"],"acf":[],"yoast_head":"<!-- This site is optimized with the Yoast SEO plugin v27.5 - https:\/\/yoast.com\/product\/yoast-seo-wordpress\/ -->\n<title>Personvernerkl\u00e6ring - Sj\u00f8matgrossisten AS<\/title>\n<meta name=\"robots\" content=\"index, follow, max-snippet:-1, max-image-preview:large, max-video-preview:-1\" \/>\n<link rel=\"canonical\" href=\"https:\/\/sjomatgrossisten.no\/pri\/personvernerklaering\/\" \/>\n<meta property=\"og:locale\" content=\"nb_NO\" \/>\n<meta property=\"og:type\" content=\"article\" \/>\n<meta property=\"og:title\" content=\"Personvernerkl\u00e6ring - Sj\u00f8matgrossisten AS\" \/>\n<meta property=\"og:description\" content=\"Hvem vi er V\u00e5r nettstedsadresse er https:\/\/sjomatgrossisten.no Personvernerkl\u00e6ringen handler om hvordan denne nettsiden samler inn og bruker informasjon om bes\u00f8kende. Erkl\u00e6ringen inneholder informasjon du har krav p\u00e5 n\u00e5r det samles inn opplysninger fra nettstedet v\u00e5rt (personopplysningsloven \u00a7 19), og generell informasjon om hvordan vi behandler personopplysninger (personopplysningsloven \u00a7 18, 1.ledd). Juridisk eier av nettsiden er [...]\" \/>\n<meta property=\"og:url\" content=\"https:\/\/sjomatgrossisten.no\/pri\/personvernerklaering\/\" \/>\n<meta property=\"og:site_name\" content=\"Sj\u00f8matgrossisten AS\" \/>\n<meta property=\"article:modified_time\" content=\"2024-06-27T10:44:34+00:00\" \/>\n<meta name=\"twitter:card\" content=\"summary_large_image\" \/>\n<meta name=\"twitter:label1\" content=\"Ansl. lesetid\" \/>\n\t<meta name=\"twitter:data1\" content=\"4 minutter\" \/>\n<script type=\"application\/ld+json\" class=\"yoast-schema-graph\">{\"@context\":\"https:\\\/\\\/schema.org\",\"@graph\":[{\"@type\":\"WebPage\",\"@id\":\"https:\\\/\\\/sjomatgrossisten.no\\\/pri\\\/personvernerklaering\\\/\",\"url\":\"https:\\\/\\\/sjomatgrossisten.no\\\/pri\\\/personvernerklaering\\\/\",\"name\":\"Personvernerkl\u00e6ring - Sj\u00f8matgrossisten AS\",\"isPartOf\":{\"@id\":\"https:\\\/\\\/sjomatgrossisten.no\\\/pri\\\/#website\"},\"datePublished\":\"2024-04-03T12:27:06+00:00\",\"dateModified\":\"2024-06-27T10:44:34+00:00\",\"breadcrumb\":{\"@id\":\"https:\\\/\\\/sjomatgrossisten.no\\\/pri\\\/personvernerklaering\\\/#breadcrumb\"},\"inLanguage\":\"nb-NO\",\"potentialAction\":[{\"@type\":\"ReadAction\",\"target\":[\"https:\\\/\\\/sjomatgrossisten.no\\\/pri\\\/personvernerklaering\\\/\"]}]},{\"@type\":\"BreadcrumbList\",\"@id\":\"https:\\\/\\\/sjomatgrossisten.no\\\/pri\\\/personvernerklaering\\\/#breadcrumb\",\"itemListElement\":[{\"@type\":\"ListItem\",\"position\":1,\"name\":\"Hjem\",\"item\":\"https:\\\/\\\/sjomatgrossisten.no\\\/pri\\\/\"},{\"@type\":\"ListItem\",\"position\":2,\"name\":\"Personvernerkl\u00e6ring\"}]},{\"@type\":\"WebSite\",\"@id\":\"https:\\\/\\\/sjomatgrossisten.no\\\/pri\\\/#website\",\"url\":\"https:\\\/\\\/sjomatgrossisten.no\\\/pri\\\/\",\"name\":\"Sj\u00f8matgrossisten AS\",\"description\":\"Fisk og sj\u00f8mat grossist\",\"potentialAction\":[{\"@type\":\"SearchAction\",\"target\":{\"@type\":\"EntryPoint\",\"urlTemplate\":\"https:\\\/\\\/sjomatgrossisten.no\\\/pri\\\/?s={search_term_string}\"},\"query-input\":{\"@type\":\"PropertyValueSpecification\",\"valueRequired\":true,\"valueName\":\"search_term_string\"}}],\"inLanguage\":\"nb-NO\"}]}<\/script>\n<!-- \/ Yoast SEO plugin. -->","yoast_head_json":{"title":"Personvernerkl\u00e6ring - Sj\u00f8matgrossisten AS","robots":{"index":"index","follow":"follow","max-snippet":"max-snippet:-1","max-image-preview":"max-image-preview:large","max-video-preview":"max-video-preview:-1"},"canonical":"https:\/\/sjomatgrossisten.no\/pri\/personvernerklaering\/","og_locale":"nb_NO","og_type":"article","og_title":"Personvernerkl\u00e6ring - Sj\u00f8matgrossisten AS","og_description":"Hvem vi er V\u00e5r nettstedsadresse er https:\/\/sjomatgrossisten.no Personvernerkl\u00e6ringen handler om hvordan denne nettsiden samler inn og bruker informasjon om bes\u00f8kende. Erkl\u00e6ringen inneholder informasjon du har krav p\u00e5 n\u00e5r det samles inn opplysninger fra nettstedet v\u00e5rt (personopplysningsloven \u00a7 19), og generell informasjon om hvordan vi behandler personopplysninger (personopplysningsloven \u00a7 18, 1.ledd). Juridisk eier av nettsiden er [...]","og_url":"https:\/\/sjomatgrossisten.no\/pri\/personvernerklaering\/","og_site_name":"Sj\u00f8matgrossisten AS","article_modified_time":"2024-06-27T10:44:34+00:00","twitter_card":"summary_large_image","twitter_misc":{"Ansl. lesetid":"4 minutter"},"schema":{"@context":"https:\/\/schema.org","@graph":[{"@type":"WebPage","@id":"https:\/\/sjomatgrossisten.no\/pri\/personvernerklaering\/","url":"https:\/\/sjomatgrossisten.no\/pri\/personvernerklaering\/","name":"Personvernerkl\u00e6ring - Sj\u00f8matgrossisten AS","isPartOf":{"@id":"https:\/\/sjomatgrossisten.no\/pri\/#website"},"datePublished":"2024-04-03T12:27:06+00:00","dateModified":"2024-06-27T10:44:34+00:00","breadcrumb":{"@id":"https:\/\/sjomatgrossisten.no\/pri\/personvernerklaering\/#breadcrumb"},"inLanguage":"nb-NO","potentialAction":[{"@type":"ReadAction","target":["https:\/\/sjomatgrossisten.no\/pri\/personvernerklaering\/"]}]},{"@type":"BreadcrumbList","@id":"https:\/\/sjomatgrossisten.no\/pri\/personvernerklaering\/#breadcrumb","itemListElement":[{"@type":"ListItem","position":1,"name":"Hjem","item":"https:\/\/sjomatgrossisten.no\/pri\/"},{"@type":"ListItem","position":2,"name":"Personvernerkl\u00e6ring"}]},{"@type":"WebSite","@id":"https:\/\/sjomatgrossisten.no\/pri\/#website","url":"https:\/\/sjomatgrossisten.no\/pri\/","name":"Sj\u00f8matgrossisten AS","description":"Fisk og sj\u00f8mat grossist","potentialAction":[{"@type":"SearchAction","target":{"@type":"EntryPoint","urlTemplate":"https:\/\/sjomatgrossisten.no\/pri\/?s={search_term_string}"},"query-input":{"@type":"PropertyValueSpecification","valueRequired":true,"valueName":"search_term_string"}}],"inLanguage":"nb-NO"}]}},"_links":{"self":[{"href":"https:\/\/sjomatgrossisten.no\/pri\/wp-json\/wp\/v2\/pages\/3","targetHints":{"allow":["GET"]}}],"collection":[{"href":"https:\/\/sjomatgrossisten.no\/pri\/wp-json\/wp\/v2\/pages"}],"about":[{"href":"https:\/\/sjomatgrossisten.no\/pri\/wp-json\/wp\/v2\/types\/page"}],"author":[{"embeddable":true,"href":"https:\/\/sjomatgrossisten.no\/pri\/wp-json\/wp\/v2\/users\/1"}],"replies":[{"embeddable":true,"href":"https:\/\/sjomatgrossisten.no\/pri\/wp-json\/wp\/v2\/comments?post=3"}],"version-history":[{"count":0,"href":"https:\/\/sjomatgrossisten.no\/pri\/wp-json\/wp\/v2\/pages\/3\/revisions"}],"wp:attachment":[{"href":"https:\/\/sjomatgrossisten.no\/pri\/wp-json\/wp\/v2\/media?parent=3"}],"curies":[{"name":"wp","href":"https:\/\/api.w.org\/{rel}","templated":true}]}}