{"id":188,"date":"2024-04-05T17:21:12","date_gmt":"2024-04-05T15:21:12","guid":{"rendered":"https:\/\/flaks.no\/?page_id=188"},"modified":"2024-07-04T17:48:12","modified_gmt":"2024-07-04T15:48:12","slug":"om-oss","status":"publish","type":"page","link":"https:\/\/sjomatgrossisten.no\/pri\/om-oss\/","title":{"rendered":"Om oss"},"content":{"rendered":"\n<div class=\"row row-full-width\"  id=\"row-303410576\">\n\n\n\t<div id=\"col-1677403808\" class=\"col small-12 large-12\"  >\n\t\t\t\t<div class=\"col-inner\"  >\n\t\t\t\n\t\t\t\n\n\n\t<section class=\"section\" id=\"section_342601601\">\n\t\t<div class=\"section-bg fill\" >\n\t\t\t\t\t\t\t\t\t\n\t\t\t\n\n\t\t<\/div>\n\n\t\t\n\n\t\t<div class=\"section-content relative\">\n\t\t\t\n\n\t<div id=\"gap-793378008\" class=\"gap-element clearfix\" style=\"display:block; height:auto;\">\n\t\t\n<style>\n#gap-793378008 {\n  padding-top: 30px;\n}\n<\/style>\n\t<\/div>\n\t\n\n<div class=\"row row-full-width align-middle align-center\"  id=\"row-753723836\">\n\n\n\t<div id=\"col-1353152982\" class=\"col medium-12 small-12 large-6\"  >\n\t\t\t\t<div class=\"col-inner\"  >\n\t\t\t\n\t\t\t\n\n\t<div class=\"img has-hover x md-x lg-x y md-y lg-y\" id=\"image_27581057\">\n\t\t\t\t\t\t\t\t<div class=\"img-inner dark\" >\n\t\t\t<img decoding=\"async\" width=\"1020\" height=\"574\" src=\"https:\/\/sjomatgrossisten.no\/pri\/wp-content\/uploads\/2024\/05\/samlebilde-1024x576.webp\" class=\"attachment-large size-large\" alt=\"\" srcset=\"https:\/\/sjomatgrossisten.no\/pri\/wp-content\/uploads\/2024\/05\/samlebilde-1024x576.webp 1024w, https:\/\/sjomatgrossisten.no\/pri\/wp-content\/uploads\/2024\/05\/samlebilde-300x169.webp 300w, https:\/\/sjomatgrossisten.no\/pri\/wp-content\/uploads\/2024\/05\/samlebilde-768x432.webp 768w, https:\/\/sjomatgrossisten.no\/pri\/wp-content\/uploads\/2024\/05\/samlebilde-1536x864.webp 1536w, https:\/\/sjomatgrossisten.no\/pri\/wp-content\/uploads\/2024\/05\/samlebilde-2048x1152.webp 2048w, https:\/\/sjomatgrossisten.no\/pri\/wp-content\/uploads\/2024\/05\/samlebilde-600x338.webp 600w, https:\/\/sjomatgrossisten.no\/pri\/wp-content\/uploads\/2024\/05\/samlebilde-96x54.webp 96w\" sizes=\"(max-width: 1020px) 100vw, 1020px\" \/>\t\t\t\t\t\t\n\t\t\t\t\t<\/div>\n\t\t\t\t\t\t\t\t\n<style>\n#image_27581057 {\n  width: 100%;\n}\n<\/style>\n\t<\/div>\n\t\n\n\n\t\t<\/div>\n\t\t\t\t\t<\/div>\n\n\t\n\n\t<div id=\"col-1191318279\" class=\"col medium-12 small-12 large-6\"  >\n\t\t\t\t<div class=\"col-inner\"  >\n\t\t\t\n\t\t\t\n\n\t<div id=\"text-2569685828\" class=\"text\">\n\t\t\n\n<h2>Velkommen til Sj\u00f8matgrossisten AS<\/h2>\n\t\t\n<style>\n#text-2569685828 {\n  font-size: 1.3rem;\n  color: rgb(0, 128, 128);\n}\n#text-2569685828 > * {\n  color: rgb(0, 128, 128);\n}\n<\/style>\n\t<\/div>\n\t\n<p>Sj\u00f8matgrossisten er en total leverand\u00f8r av sj\u00f8mat.<br \/>Vi har spesialisert oss p\u00e5 ferskfrossen-fisk, vi selger idag gjennomsnittlig 250 tonn fisk pr \u00e5r.<br \/>Vi leverer til alle typer bedrifter, blant annet kantiner, restauranter, caf\u00e8er, fiskebiler, hoteller.<br \/>V\u00e5r kundekrets befinner seg hovedsakelig p\u00e5 \u00d8stlandet.<br \/>Vi har god kapasitet til \u00e5 levere i hele Norge.<\/p>\n<p><strong>Etablert<\/strong><br \/>Bedriften ble etablert i 2015 da vi s\u00e5 behovet for en akt\u00f8r med fokus p\u00e5 personlig service, h\u00f8y kvalitet og reelle garantier til kunder. Hos oss skreddersyr vi dine behov.\u00a0<\/p>\n<p>Vi har lang bakgrunn fra sj\u00f8mat bransjen og kjenner markedet godt. Vi kan derfor tilby deg den beste kvaliteten og de beste garantiene.\u00a0<\/p>\n\n\t\t<\/div>\n\t\t\t\t\n<style>\n#col-1191318279 > .col-inner {\n  padding: 0px 0 0px 0px;\n}\n@media (min-width:550px) {\n  #col-1191318279 > .col-inner {\n    padding: 0px 10% 0px 0px;\n  }\n}\n@media (min-width:850px) {\n  #col-1191318279 > .col-inner {\n    padding: 0px 0px 0px 15%;\n  }\n}\n<\/style>\n\t<\/div>\n\n\t\n\n<\/div>\n\n\t\t<\/div>\n\n\t\t\n<style>\n#section_342601601 {\n  padding-top: 30px;\n  padding-bottom: 30px;\n}\n<\/style>\n\t<\/section>\n\t\n\n\t<section class=\"section\" id=\"section_1798247644\">\n\t\t<div class=\"section-bg fill\" >\n\t\t\t\t\t\t\t\t\t\n\t\t\t\n\n\t\t<\/div>\n\n\t\t\n\n\t\t<div class=\"section-content relative\">\n\t\t\t\n\n<div class=\"row row-full-width\"  id=\"row-394509564\">\n\n\n\t<div id=\"col-435197776\" class=\"col medium-12 small-12 large-7\"  >\n\t\t\t\t<div class=\"col-inner\" style=\"background-color:rgb(240, 247, 251);\" >\n\t\t\t\n\t\t\t\n\n\t<div id=\"text-2807041026\" class=\"text\">\n\t\t\n\n<h2>HVORFOR HANDLE HOS OSS ?\u00a0<\/h2>\n\t\t\n<style>\n#text-2807041026 {\n  font-size: 1.25rem;\n  color: rgb(0, 128, 128);\n}\n#text-2807041026 > * {\n  color: rgb(0, 128, 128);\n}\n<\/style>\n\t<\/div>\n\t\n<p>Sj\u00f8matgrossisten er en <strong>fullsortiment leverand\u00f8r av frossenfisk<\/strong>, vi har spesialisert oss p\u00e5 grossistsalg av den beste kvaliteten du finner innen frossen sj\u00f8mat. hos oss f\u00e5r du et stort utvalg med <strong>50 forskjellige lagerf\u00f8rte produkter<\/strong> som er deg tilgjengelig til enhver tid.\u00a0<\/p>\n<p>Hos oss trenger du ikke \u00e5 kj\u00f8pe fulle paller av ett produkt, her kan du hente akkurat <strong>det du trenger og n\u00e5r du trenger det<\/strong>, s\u00e5 slipper du \u00e5 tenke p\u00e5 lagringsplass og un\u00f8dvendig arbeid med h\u00e5ndtering av varemottak.\u00a0<\/p>\n<p><strong>Kvalitetsgaranti<\/strong> er viktig for oss, hos Sj\u00f8matgrossisten kan du enkelt returnere reklamasjoner og feilprodukter tilbake til oss uten sp\u00f8rsm\u00e5l. du f\u00e5r ny vare eller pengene tilbake, p\u00e5 denne m\u00e5ten kan du tilby den beste garantien til dine kunder ut i markedet.<\/p>\n<p><strong>personlig service og dialog<\/strong> er i fokus, vi er en liten bedrift s\u00e5 vi har tid til deg! Vi er alltid tilgjengelig p\u00e5 telefon, vi m\u00f8ter kunder utenfor arbeidstid og vi strekker oss langt for \u00e5 gj\u00f8re kunden forn\u00f8yd.\u00a0<\/p>\n<p>Vi \u00f8nsker at du skal fokusere p\u00e5 det du kan best enten det er \u00e5 selge fisk eller lage god mat til sultne gjester. Av denne grunn kan vi trygt si at det \u00e5 handle av grossist fremfor produsent gj\u00f8r hverdagen din som forhandler mye lettere.\u00a0<\/p>\n<a href=\"https:\/\/sjomatgrossisten.no\/pri\/min-konto\/\" class=\"button secondary is-link\"  >\n\t\t<span>Opprett bruker i dag og start \u00e5 handle<\/span>\n\t<i class=\"icon-angle-right\" aria-hidden=\"true\" ><\/i><\/a>\n\n\n\n\t\t<\/div>\n\t\t\t\t\n<style>\n#col-435197776 > .col-inner {\n  padding: 10% 10% 10% 10%;\n}\n<\/style>\n\t<\/div>\n\n\t\n\n\t<div id=\"col-1815128393\" class=\"col medium-12 small-12 large-5\"  >\n\t\t\t\t<div class=\"col-inner\"  >\n\t\t\t\n\t\t\t\n\n\t<div id=\"text-61333945\" class=\"text\">\n\t\t\n\n<h3 style=\"text-align: center\"><strong>VI LEVERER I HELE NORGE TIL N\u00c6RMESTE FRYSETERMINAL<\/strong><\/h3>\n\t\t\n<style>\n#text-61333945 {\n  color: #008080;\n}\n#text-61333945 > * {\n  color: #008080;\n}\n<\/style>\n\t<\/div>\n\t\n<div class=\"row align-equal\"  id=\"row-147027037\">\n\n\n\t<div id=\"col-438715959\" class=\"col small-12 large-12\"  >\n\t\t\t\t<div class=\"col-inner\" style=\"background-color:rgb(240, 247, 251);\" >\n\t\t\t\n\t\t\t\n\n\t<div class=\"box has-hover   has-hover box-shade dark box-text-bottom\" >\n\n\t\t<div class=\"box-image\" >\n\t\t\t<a href=\"#\" >\t\t\t<div class=\"image-glow image-cover\" style=\"padding-top:200px;\">\n\t\t\t\t<img decoding=\"async\" width=\"2560\" height=\"2455\" src=\"https:\/\/sjomatgrossisten.no\/pri\/wp-content\/uploads\/2024\/05\/20240507_102518-scaled.webp\" class=\"attachment- size-\" alt=\"\" srcset=\"https:\/\/sjomatgrossisten.no\/pri\/wp-content\/uploads\/2024\/05\/20240507_102518-scaled.webp 2560w, https:\/\/sjomatgrossisten.no\/pri\/wp-content\/uploads\/2024\/05\/20240507_102518-300x288.webp 300w, https:\/\/sjomatgrossisten.no\/pri\/wp-content\/uploads\/2024\/05\/20240507_102518-1024x982.webp 1024w, https:\/\/sjomatgrossisten.no\/pri\/wp-content\/uploads\/2024\/05\/20240507_102518-768x737.webp 768w, https:\/\/sjomatgrossisten.no\/pri\/wp-content\/uploads\/2024\/05\/20240507_102518-1536x1473.webp 1536w, https:\/\/sjomatgrossisten.no\/pri\/wp-content\/uploads\/2024\/05\/20240507_102518-2048x1964.webp 2048w, https:\/\/sjomatgrossisten.no\/pri\/wp-content\/uploads\/2024\/05\/20240507_102518-600x575.webp 600w, https:\/\/sjomatgrossisten.no\/pri\/wp-content\/uploads\/2024\/05\/20240507_102518-96x92.webp 96w\" sizes=\"(max-width: 2560px) 100vw, 2560px\" \/>\t\t\t\t\t\t\t\t<div class=\"shade\"><\/div>\t\t\t<\/div>\n\t\t\t<\/a>\t\t<\/div>\n\n\t\t<div class=\"box-text text-left\" >\n\t\t\t<div class=\"box-text-inner\">\n\t\t\t\t\n\n\n\t\t\t<\/div>\n\t\t<\/div>\n\t<\/div>\n\t\n\n\t\t<\/div>\n\t\t\t\t\n<style>\n#col-438715959 > .col-inner {\n  padding: 10% 10% 10% 10%;\n}\n<\/style>\n\t<\/div>\n\n\t\n\n<\/div>\n<div class=\"row\"  id=\"row-219033789\">\n\n\n\t<div id=\"col-1685390578\" class=\"col small-12 large-12\"  >\n\t\t\t\t<div class=\"col-inner\"  >\n\t\t\t\n\t\t\t\n\n<div class=\"row\"  id=\"row-1665245235\">\n\n\n\t<div id=\"col-1320185089\" class=\"col small-12 large-12\"  >\n\t\t\t\t<div class=\"col-inner\" style=\"background-color:rgb(240, 247, 251);\" >\n\t\t\t\n\t\t\t\n\n<h2>M\u00f8te med oss?<\/h2>\n<p>\u00d8nsker din bedrift varepr\u00f8ver eller om dere har lyst til \u00e5 treffe oss kan du gjerne avtale et m\u00f8te og ta turen innom kontoret v\u00e5rt.<br \/>Vi h\u00e5per \u00e5 h\u00f8re fra deg!<\/p>\n<p><strong>Hilsen oss p\u00e5 Sj\u00f8matgrossisten<\/strong><\/p>\n\n  <div class=\"banner has-hover\" id=\"banner-1356921166\">\n          <div class=\"banner-inner fill\">\n        <div class=\"banner-bg fill\" >\n            <img decoding=\"async\" width=\"960\" height=\"682\" src=\"https:\/\/sjomatgrossisten.no\/pri\/wp-content\/uploads\/2024\/04\/sjo1.jpg\" class=\"bg attachment-large size-large\" alt=\"\" \/>                                    \n                    <\/div>\n\t\t\n        <div class=\"banner-layers container\">\n            <div class=\"fill banner-link\"><\/div>            \n\n   <div id=\"text-box-913549763\" class=\"text-box banner-layer x50 md-x50 lg-x50 y50 md-y50 lg-y50 res-text\">\n                                <div class=\"text-box-content text dark\">\n              \n              <div class=\"text-inner text-center\">\n                  \n\n\n              <\/div>\n           <\/div>\n                            \n<style>\n#text-box-913549763 {\n  width: 60%;\n}\n#text-box-913549763 .text-box-content {\n  font-size: 100%;\n}\n<\/style>\n    <\/div>\n \n\n        <\/div>\n      <\/div>\n\n            \n<style>\n#banner-1356921166 {\n  padding-top: 200px;\n  background-color: rgba(255, 255, 255, 0);\n}\n#banner-1356921166 .banner-bg img {\n  object-position: 55% 17%;\n}\n@media (min-width:550px) {\n  #banner-1356921166 {\n    padding-top: 300px;\n  }\n}\n@media (min-width:850px) {\n  #banner-1356921166 {\n    padding-top: 300px;\n  }\n}\n<\/style>\n  <\/div>\n\n\n\n\t\t<\/div>\n\t\t\t\t\n<style>\n#col-1320185089 > .col-inner {\n  padding: 10% 10% 10% 10%;\n}\n<\/style>\n\t<\/div>\n\n\t\n\n<\/div>\n\n\t\t<\/div>\n\t\t\t\t\t<\/div>\n\n\t\n\n<\/div>\n\n\t\t<\/div>\n\t\t\t\t\t<\/div>\n\n\t\n\n<\/div>\n\n\t\t<\/div>\n\n\t\t\n<style>\n#section_1798247644 {\n  padding-top: 30px;\n  padding-bottom: 30px;\n}\n<\/style>\n\t<\/section>\n\t\n\n\t\t<\/div>\n\t\t\t\t\t<\/div>\n\n\t\n\n<\/div>\n\n","protected":false},"excerpt":{"rendered":"","protected":false},"author":1,"featured_media":0,"parent":0,"menu_order":0,"comment_status":"closed","ping_status":"closed","template":"page-blank.php","meta":{"_acf_changed":false,"footnotes":""},"class_list":["post-188","page","type-page","status-publish","hentry"],"acf":[],"yoast_head":"<!-- This site is optimized with the Yoast SEO plugin v27.4 - https:\/\/yoast.com\/product\/yoast-seo-wordpress\/ -->\n<title>Om oss - Sj\u00f8matgrossisten AS<\/title>\n<meta name=\"robots\" content=\"index, follow, max-snippet:-1, max-image-preview:large, max-video-preview:-1\" \/>\n<link rel=\"canonical\" href=\"https:\/\/sjomatgrossisten.no\/pri\/om-oss\/\" \/>\n<meta property=\"og:locale\" content=\"nb_NO\" \/>\n<meta property=\"og:type\" content=\"article\" \/>\n<meta property=\"og:title\" content=\"Om oss - Sj\u00f8matgrossisten AS\" \/>\n<meta property=\"og:url\" content=\"https:\/\/sjomatgrossisten.no\/pri\/om-oss\/\" \/>\n<meta property=\"og:site_name\" content=\"Sj\u00f8matgrossisten AS\" \/>\n<meta property=\"article:modified_time\" content=\"2024-07-04T15:48:12+00:00\" \/>\n<meta name=\"twitter:card\" content=\"summary_large_image\" \/>\n<meta name=\"twitter:label1\" content=\"Ansl. lesetid\" \/>\n\t<meta name=\"twitter:data1\" content=\"3 minutter\" \/>\n<script type=\"application\/ld+json\" class=\"yoast-schema-graph\">{\"@context\":\"https:\\\/\\\/schema.org\",\"@graph\":[{\"@type\":\"WebPage\",\"@id\":\"https:\\\/\\\/sjomatgrossisten.no\\\/pri\\\/om-oss\\\/\",\"url\":\"https:\\\/\\\/sjomatgrossisten.no\\\/pri\\\/om-oss\\\/\",\"name\":\"Om oss - Sj\u00f8matgrossisten AS\",\"isPartOf\":{\"@id\":\"https:\\\/\\\/sjomatgrossisten.no\\\/pri\\\/#website\"},\"datePublished\":\"2024-04-05T15:21:12+00:00\",\"dateModified\":\"2024-07-04T15:48:12+00:00\",\"breadcrumb\":{\"@id\":\"https:\\\/\\\/sjomatgrossisten.no\\\/pri\\\/om-oss\\\/#breadcrumb\"},\"inLanguage\":\"nb-NO\",\"potentialAction\":[{\"@type\":\"ReadAction\",\"target\":[\"https:\\\/\\\/sjomatgrossisten.no\\\/pri\\\/om-oss\\\/\"]}]},{\"@type\":\"BreadcrumbList\",\"@id\":\"https:\\\/\\\/sjomatgrossisten.no\\\/pri\\\/om-oss\\\/#breadcrumb\",\"itemListElement\":[{\"@type\":\"ListItem\",\"position\":1,\"name\":\"Hjem\",\"item\":\"https:\\\/\\\/sjomatgrossisten.no\\\/pri\\\/\"},{\"@type\":\"ListItem\",\"position\":2,\"name\":\"Om oss\"}]},{\"@type\":\"WebSite\",\"@id\":\"https:\\\/\\\/sjomatgrossisten.no\\\/pri\\\/#website\",\"url\":\"https:\\\/\\\/sjomatgrossisten.no\\\/pri\\\/\",\"name\":\"Sj\u00f8matgrossisten AS\",\"description\":\"Fisk og sj\u00f8mat grossist\",\"potentialAction\":[{\"@type\":\"SearchAction\",\"target\":{\"@type\":\"EntryPoint\",\"urlTemplate\":\"https:\\\/\\\/sjomatgrossisten.no\\\/pri\\\/?s={search_term_string}\"},\"query-input\":{\"@type\":\"PropertyValueSpecification\",\"valueRequired\":true,\"valueName\":\"search_term_string\"}}],\"inLanguage\":\"nb-NO\"}]}<\/script>\n<!-- \/ Yoast SEO plugin. -->","yoast_head_json":{"title":"Om oss - Sj\u00f8matgrossisten AS","robots":{"index":"index","follow":"follow","max-snippet":"max-snippet:-1","max-image-preview":"max-image-preview:large","max-video-preview":"max-video-preview:-1"},"canonical":"https:\/\/sjomatgrossisten.no\/pri\/om-oss\/","og_locale":"nb_NO","og_type":"article","og_title":"Om oss - Sj\u00f8matgrossisten AS","og_url":"https:\/\/sjomatgrossisten.no\/pri\/om-oss\/","og_site_name":"Sj\u00f8matgrossisten AS","article_modified_time":"2024-07-04T15:48:12+00:00","twitter_card":"summary_large_image","twitter_misc":{"Ansl. lesetid":"3 minutter"},"schema":{"@context":"https:\/\/schema.org","@graph":[{"@type":"WebPage","@id":"https:\/\/sjomatgrossisten.no\/pri\/om-oss\/","url":"https:\/\/sjomatgrossisten.no\/pri\/om-oss\/","name":"Om oss - Sj\u00f8matgrossisten AS","isPartOf":{"@id":"https:\/\/sjomatgrossisten.no\/pri\/#website"},"datePublished":"2024-04-05T15:21:12+00:00","dateModified":"2024-07-04T15:48:12+00:00","breadcrumb":{"@id":"https:\/\/sjomatgrossisten.no\/pri\/om-oss\/#breadcrumb"},"inLanguage":"nb-NO","potentialAction":[{"@type":"ReadAction","target":["https:\/\/sjomatgrossisten.no\/pri\/om-oss\/"]}]},{"@type":"BreadcrumbList","@id":"https:\/\/sjomatgrossisten.no\/pri\/om-oss\/#breadcrumb","itemListElement":[{"@type":"ListItem","position":1,"name":"Hjem","item":"https:\/\/sjomatgrossisten.no\/pri\/"},{"@type":"ListItem","position":2,"name":"Om oss"}]},{"@type":"WebSite","@id":"https:\/\/sjomatgrossisten.no\/pri\/#website","url":"https:\/\/sjomatgrossisten.no\/pri\/","name":"Sj\u00f8matgrossisten AS","description":"Fisk og sj\u00f8mat grossist","potentialAction":[{"@type":"SearchAction","target":{"@type":"EntryPoint","urlTemplate":"https:\/\/sjomatgrossisten.no\/pri\/?s={search_term_string}"},"query-input":{"@type":"PropertyValueSpecification","valueRequired":true,"valueName":"search_term_string"}}],"inLanguage":"nb-NO"}]}},"_links":{"self":[{"href":"https:\/\/sjomatgrossisten.no\/pri\/wp-json\/wp\/v2\/pages\/188","targetHints":{"allow":["GET"]}}],"collection":[{"href":"https:\/\/sjomatgrossisten.no\/pri\/wp-json\/wp\/v2\/pages"}],"about":[{"href":"https:\/\/sjomatgrossisten.no\/pri\/wp-json\/wp\/v2\/types\/page"}],"author":[{"embeddable":true,"href":"https:\/\/sjomatgrossisten.no\/pri\/wp-json\/wp\/v2\/users\/1"}],"replies":[{"embeddable":true,"href":"https:\/\/sjomatgrossisten.no\/pri\/wp-json\/wp\/v2\/comments?post=188"}],"version-history":[{"count":0,"href":"https:\/\/sjomatgrossisten.no\/pri\/wp-json\/wp\/v2\/pages\/188\/revisions"}],"wp:attachment":[{"href":"https:\/\/sjomatgrossisten.no\/pri\/wp-json\/wp\/v2\/media?parent=188"}],"curies":[{"name":"wp","href":"https:\/\/api.w.org\/{rel}","templated":true}]}}